{"id":60784,"date":"2025-11-26T19:15:39","date_gmt":"2025-11-26T18:15:39","guid":{"rendered":"https:\/\/www.hirtenberg-apotheke.at\/katalog\/produkt\/the-nutri-store-maca-pulver-500-g\/"},"modified":"2025-11-26T19:16:09","modified_gmt":"2025-11-26T18:16:09","slug":"the-nutri-store-maca-pulver-500-g","status":"publish","type":"product","link":"https:\/\/www.hirtenberg-apotheke.at\/katalog\/produkt\/the-nutri-store-maca-pulver-500-g\/","title":{"rendered":"The Nutri Store Maca Pulver 500 g"},"content":{"rendered":"<p>The Nutri Store Maca Pulver enth\u00e4lt 100 % reines Maca-Pulver. Verzehrsempfehlung: T\u00e4glich 1 geh\u00e4uften Teel\u00f6ffel Pulver (entspricht ca. 5 g) in M\u00fcsli oder in ein beliebiges Getr\u00e4nk einr\u00fchren und verzehren. Der k\u00f6stliche Geschmack ist auch f\u00fcr Kinder ein Hochgenuss.<\/p>\n","protected":false},"excerpt":{"rendered":"<p>The Nutri Store Maca Pulver enth\u00e4lt 100 % reines Maca-Pulver. Verzehrsempfehlung: T\u00e4glich 1 geh\u00e4uften Teel\u00f6ffel Pulver (entspricht ca. 5 g) in M\u00fcsli oder in ein beliebiges Getr\u00e4nk einr\u00fchren und verzehren. Der k\u00f6stliche Geschmack ist auch f\u00fcr Kinder ein Hochgenuss.<\/p>\n","protected":false},"featured_media":0,"template":"","meta":{"_acf_changed":false},"product_brand":[],"product_cat":[319],"product_tag":[],"class_list":{"0":"post-60784","1":"product","2":"type-product","3":"status-publish","5":"product_cat-t","6":"pa_packungsgroesse-500g","8":"first","9":"instock","10":"shipping-taxable","11":"purchasable","12":"product-type-simple"},"acf":[],"_links":{"self":[{"href":"https:\/\/www.hirtenberg-apotheke.at\/katalog\/wp-json\/wp\/v2\/product\/60784","targetHints":{"allow":["GET"]}}],"collection":[{"href":"https:\/\/www.hirtenberg-apotheke.at\/katalog\/wp-json\/wp\/v2\/product"}],"about":[{"href":"https:\/\/www.hirtenberg-apotheke.at\/katalog\/wp-json\/wp\/v2\/types\/product"}],"wp:attachment":[{"href":"https:\/\/www.hirtenberg-apotheke.at\/katalog\/wp-json\/wp\/v2\/media?parent=60784"}],"wp:term":[{"taxonomy":"product_brand","embeddable":true,"href":"https:\/\/www.hirtenberg-apotheke.at\/katalog\/wp-json\/wp\/v2\/product_brand?post=60784"},{"taxonomy":"product_cat","embeddable":true,"href":"https:\/\/www.hirtenberg-apotheke.at\/katalog\/wp-json\/wp\/v2\/product_cat?post=60784"},{"taxonomy":"product_tag","embeddable":true,"href":"https:\/\/www.hirtenberg-apotheke.at\/katalog\/wp-json\/wp\/v2\/product_tag?post=60784"}],"curies":[{"name":"wp","href":"https:\/\/api.w.org\/{rel}","templated":true}]}}