{"id":60869,"date":"2025-11-26T19:17:35","date_gmt":"2025-11-26T18:17:35","guid":{"rendered":"https:\/\/www.hirtenberg-apotheke.at\/katalog\/produkt\/tetesept-vitamin-d3-2000-hochdosierte-tabletten-50-stk\/"},"modified":"2025-11-26T19:18:03","modified_gmt":"2025-11-26T18:18:03","slug":"tetesept-vitamin-d3-2000-hochdosierte-tabletten-50-stk","status":"publish","type":"product","link":"https:\/\/www.hirtenberg-apotheke.at\/katalog\/produkt\/tetesept-vitamin-d3-2000-hochdosierte-tabletten-50-stk\/","title":{"rendered":"tetesept Vitamin D3 2000 hochdosierte Tabletten 50 Stk."},"content":{"rendered":"<p>tetesept hochdosierte Vitamin D3 Tabletten unterst\u00fctzen bei Mangel an nat\u00fcrlichem Sonnenlicht Knochen, Muskeln und Immunsystem. F\u00fcr das k\u00f6rperliche Gleichgewicht. Die Wirkung ist wissenschaftlich best\u00e4tigt.<\/p>\n","protected":false},"excerpt":{"rendered":"<p>tetesept hochdosierte Vitamin D3 Tabletten unterst\u00fctzen bei Mangel an nat\u00fcrlichem Sonnenlicht Knochen, Muskeln und Immunsystem. F\u00fcr das k\u00f6rperliche Gleichgewicht. Die Wirkung ist wissenschaftlich best\u00e4tigt.<\/p>\n","protected":false},"featured_media":60871,"template":"","meta":{"_acf_changed":false},"product_brand":[468],"product_cat":[319],"product_tag":[],"class_list":{"0":"post-60869","1":"product","2":"type-product","3":"status-publish","4":"has-post-thumbnail","6":"product_brand-tetesept","7":"product_cat-t","8":"pa_packungsgroesse-50-stueck","10":"first","11":"instock","12":"shipping-taxable","13":"purchasable","14":"product-type-simple"},"acf":[],"_links":{"self":[{"href":"https:\/\/www.hirtenberg-apotheke.at\/katalog\/wp-json\/wp\/v2\/product\/60869","targetHints":{"allow":["GET"]}}],"collection":[{"href":"https:\/\/www.hirtenberg-apotheke.at\/katalog\/wp-json\/wp\/v2\/product"}],"about":[{"href":"https:\/\/www.hirtenberg-apotheke.at\/katalog\/wp-json\/wp\/v2\/types\/product"}],"wp:featuredmedia":[{"embeddable":true,"href":"https:\/\/www.hirtenberg-apotheke.at\/katalog\/wp-json\/wp\/v2\/media\/60871"}],"wp:attachment":[{"href":"https:\/\/www.hirtenberg-apotheke.at\/katalog\/wp-json\/wp\/v2\/media?parent=60869"}],"wp:term":[{"taxonomy":"product_brand","embeddable":true,"href":"https:\/\/www.hirtenberg-apotheke.at\/katalog\/wp-json\/wp\/v2\/product_brand?post=60869"},{"taxonomy":"product_cat","embeddable":true,"href":"https:\/\/www.hirtenberg-apotheke.at\/katalog\/wp-json\/wp\/v2\/product_cat?post=60869"},{"taxonomy":"product_tag","embeddable":true,"href":"https:\/\/www.hirtenberg-apotheke.at\/katalog\/wp-json\/wp\/v2\/product_tag?post=60869"}],"curies":[{"name":"wp","href":"https:\/\/api.w.org\/{rel}","templated":true}]}}