{"id":60925,"date":"2025-11-26T19:18:57","date_gmt":"2025-11-26T18:18:57","guid":{"rendered":"https:\/\/www.hirtenberg-apotheke.at\/katalog\/produkt\/darphin-essential-oil-care-the-revitalizing-oil-for-face-body-and-hair-50-ml\/"},"modified":"2025-11-26T19:19:02","modified_gmt":"2025-11-26T18:19:02","slug":"darphin-essential-oil-care-the-revitalizing-oil-for-face-body-and-hair-50-ml","status":"publish","type":"product","link":"https:\/\/www.hirtenberg-apotheke.at\/katalog\/produkt\/darphin-essential-oil-care-the-revitalizing-oil-for-face-body-and-hair-50-ml\/","title":{"rendered":"Darphin Essential Oil Care The Revitalizing Oil for Face Body and Hair 50 ml"},"content":{"rendered":"<p>Essential Oil Care ist ein belebendes \u00d6l mit einer Komposition aus kostbaren Pflanzen und \u00e4therischen \u00d6len, um die Haut zu pflegen und sie mehr strahlen zu lassen sowie dem Haar schimmernden Glanz zu verleihen.<\/p>\n","protected":false},"excerpt":{"rendered":"<p>Essential Oil Care ist ein belebendes \u00d6l mit einer Komposition aus kostbaren Pflanzen und \u00e4therischen \u00d6len, um die Haut zu pflegen und sie mehr strahlen zu lassen sowie dem Haar schimmernden Glanz zu verleihen.<\/p>\n","protected":false},"featured_media":60927,"template":"","meta":{"_acf_changed":false},"product_brand":[],"product_cat":[295],"product_tag":[],"class_list":{"0":"post-60925","1":"product","2":"type-product","3":"status-publish","4":"has-post-thumbnail","6":"product_cat-d","7":"pa_packungsgroesse-50ml","9":"first","10":"instock","11":"shipping-taxable","12":"purchasable","13":"product-type-simple"},"acf":[],"_links":{"self":[{"href":"https:\/\/www.hirtenberg-apotheke.at\/katalog\/wp-json\/wp\/v2\/product\/60925","targetHints":{"allow":["GET"]}}],"collection":[{"href":"https:\/\/www.hirtenberg-apotheke.at\/katalog\/wp-json\/wp\/v2\/product"}],"about":[{"href":"https:\/\/www.hirtenberg-apotheke.at\/katalog\/wp-json\/wp\/v2\/types\/product"}],"wp:featuredmedia":[{"embeddable":true,"href":"https:\/\/www.hirtenberg-apotheke.at\/katalog\/wp-json\/wp\/v2\/media\/60927"}],"wp:attachment":[{"href":"https:\/\/www.hirtenberg-apotheke.at\/katalog\/wp-json\/wp\/v2\/media?parent=60925"}],"wp:term":[{"taxonomy":"product_brand","embeddable":true,"href":"https:\/\/www.hirtenberg-apotheke.at\/katalog\/wp-json\/wp\/v2\/product_brand?post=60925"},{"taxonomy":"product_cat","embeddable":true,"href":"https:\/\/www.hirtenberg-apotheke.at\/katalog\/wp-json\/wp\/v2\/product_cat?post=60925"},{"taxonomy":"product_tag","embeddable":true,"href":"https:\/\/www.hirtenberg-apotheke.at\/katalog\/wp-json\/wp\/v2\/product_tag?post=60925"}],"curies":[{"name":"wp","href":"https:\/\/api.w.org\/{rel}","templated":true}]}}