{"id":60950,"date":"2025-11-26T19:19:19","date_gmt":"2025-11-26T18:19:19","guid":{"rendered":"https:\/\/www.hirtenberg-apotheke.at\/katalog\/produkt\/ren-radiance-glycolactic-radiance-renewal-mask-50-ml\/"},"modified":"2025-11-26T19:19:25","modified_gmt":"2025-11-26T18:19:25","slug":"ren-radiance-glycolactic-radiance-renewal-mask-50-ml","status":"publish","type":"product","link":"https:\/\/www.hirtenberg-apotheke.at\/katalog\/produkt\/ren-radiance-glycolactic-radiance-renewal-mask-50-ml\/","title":{"rendered":"Ren Radiance Glycolactic Radiance Renewal Mask 50 ml"},"content":{"rendered":"<p>Ren Radiance Glycolactic Radiance Renewal Mask ist eine wirksame Peelingmaske, um den Teint zu erneuern und ihm neue Leuchtkraft zu schenken. Dar\u00fcber hinaus wird die Maske eingesetzt, um das Erscheinungsbild feiner Linien zu verbessern und F\u00e4ltchen sowie Unregelm\u00e4\u00dfigkeiten zu reduzieren.<\/p>\n","protected":false},"excerpt":{"rendered":"<p>Ren Radiance Glycolactic Radiance Renewal Mask ist eine wirksame Peelingmaske, um den Teint zu erneuern und ihm neue Leuchtkraft zu schenken. Dar\u00fcber hinaus wird die Maske eingesetzt, um das Erscheinungsbild feiner Linien zu verbessern und F\u00e4ltchen sowie Unregelm\u00e4\u00dfigkeiten zu reduzieren.<\/p>\n","protected":false},"featured_media":0,"template":"","meta":{"_acf_changed":false},"product_brand":[],"product_cat":[311],"product_tag":[],"class_list":{"0":"post-60950","1":"product","2":"type-product","3":"status-publish","5":"product_cat-r","6":"pa_packungsgroesse-50ml","8":"first","9":"instock","10":"shipping-taxable","11":"purchasable","12":"product-type-simple"},"acf":[],"_links":{"self":[{"href":"https:\/\/www.hirtenberg-apotheke.at\/katalog\/wp-json\/wp\/v2\/product\/60950","targetHints":{"allow":["GET"]}}],"collection":[{"href":"https:\/\/www.hirtenberg-apotheke.at\/katalog\/wp-json\/wp\/v2\/product"}],"about":[{"href":"https:\/\/www.hirtenberg-apotheke.at\/katalog\/wp-json\/wp\/v2\/types\/product"}],"wp:attachment":[{"href":"https:\/\/www.hirtenberg-apotheke.at\/katalog\/wp-json\/wp\/v2\/media?parent=60950"}],"wp:term":[{"taxonomy":"product_brand","embeddable":true,"href":"https:\/\/www.hirtenberg-apotheke.at\/katalog\/wp-json\/wp\/v2\/product_brand?post=60950"},{"taxonomy":"product_cat","embeddable":true,"href":"https:\/\/www.hirtenberg-apotheke.at\/katalog\/wp-json\/wp\/v2\/product_cat?post=60950"},{"taxonomy":"product_tag","embeddable":true,"href":"https:\/\/www.hirtenberg-apotheke.at\/katalog\/wp-json\/wp\/v2\/product_tag?post=60950"}],"curies":[{"name":"wp","href":"https:\/\/api.w.org\/{rel}","templated":true}]}}