{"id":61081,"date":"2025-11-26T19:21:39","date_gmt":"2025-11-26T18:21:39","guid":{"rendered":"https:\/\/www.hirtenberg-apotheke.at\/katalog\/produkt\/madara-eye-contour-cream-augengel-15-ml\/"},"modified":"2025-11-26T19:21:50","modified_gmt":"2025-11-26T18:21:50","slug":"madara-eye-contour-cream-augengel-15-ml","status":"publish","type":"product","link":"https:\/\/www.hirtenberg-apotheke.at\/katalog\/produkt\/madara-eye-contour-cream-augengel-15-ml\/","title":{"rendered":"Madara Eye Contour Cream Augengel 15 ml"},"content":{"rendered":"<p>Madara Eye Contour Cream ist ein straffendes Augenkonturengel, das Ihrer Haut intensive Feuchtigkeit schenkt und sie mit einer leichten und angenehm frischen Textur verw\u00f6hnt. Gl\u00e4tten Sie feine Linien oder Augenf\u00e4ltchen und mindern Sie gezielt die Anzeichen von M\u00fcdigkeit, wie dunkle Augenringe oder Schwellungen unter Ihren Augen. Genie\u00dfen Sie ein langanhaltendes, jugendliches und strahlendes Aussehen.<\/p>\n","protected":false},"excerpt":{"rendered":"<p>Madara Eye Contour Cream ist ein straffendes Augenkonturengel, das Ihrer Haut intensive Feuchtigkeit schenkt und sie mit einer leichten und angenehm frischen Textur verw\u00f6hnt. Gl\u00e4tten Sie feine Linien oder Augenf\u00e4ltchen und mindern Sie gezielt die Anzeichen von M\u00fcdigkeit, wie dunkle Augenringe oder Schwellungen unter Ihren Augen. Genie\u00dfen Sie ein langanhaltendes, jugendliches und strahlendes Aussehen.<\/p>\n","protected":false},"featured_media":61083,"template":"","meta":{"_acf_changed":false},"product_brand":[1240],"product_cat":[308],"product_tag":[],"class_list":{"0":"post-61081","1":"product","2":"type-product","3":"status-publish","4":"has-post-thumbnail","6":"product_brand-madara","7":"product_cat-m","8":"pa_packungsgroesse-15ml","10":"first","11":"instock","12":"shipping-taxable","13":"purchasable","14":"product-type-simple"},"acf":[],"_links":{"self":[{"href":"https:\/\/www.hirtenberg-apotheke.at\/katalog\/wp-json\/wp\/v2\/product\/61081","targetHints":{"allow":["GET"]}}],"collection":[{"href":"https:\/\/www.hirtenberg-apotheke.at\/katalog\/wp-json\/wp\/v2\/product"}],"about":[{"href":"https:\/\/www.hirtenberg-apotheke.at\/katalog\/wp-json\/wp\/v2\/types\/product"}],"wp:featuredmedia":[{"embeddable":true,"href":"https:\/\/www.hirtenberg-apotheke.at\/katalog\/wp-json\/wp\/v2\/media\/61083"}],"wp:attachment":[{"href":"https:\/\/www.hirtenberg-apotheke.at\/katalog\/wp-json\/wp\/v2\/media?parent=61081"}],"wp:term":[{"taxonomy":"product_brand","embeddable":true,"href":"https:\/\/www.hirtenberg-apotheke.at\/katalog\/wp-json\/wp\/v2\/product_brand?post=61081"},{"taxonomy":"product_cat","embeddable":true,"href":"https:\/\/www.hirtenberg-apotheke.at\/katalog\/wp-json\/wp\/v2\/product_cat?post=61081"},{"taxonomy":"product_tag","embeddable":true,"href":"https:\/\/www.hirtenberg-apotheke.at\/katalog\/wp-json\/wp\/v2\/product_tag?post=61081"}],"curies":[{"name":"wp","href":"https:\/\/api.w.org\/{rel}","templated":true}]}}