{"id":61165,"date":"2025-11-26T19:22:58","date_gmt":"2025-11-26T18:22:58","guid":{"rendered":"https:\/\/www.hirtenberg-apotheke.at\/katalog\/produkt\/sanatur-bio-weizengras-pulver-100-g\/"},"modified":"2025-11-26T19:23:23","modified_gmt":"2025-11-26T18:23:23","slug":"sanatur-bio-weizengras-pulver-100-g","status":"publish","type":"product","link":"https:\/\/www.hirtenberg-apotheke.at\/katalog\/produkt\/sanatur-bio-weizengras-pulver-100-g\/","title":{"rendered":"Sanatur Bio Weizengras Pulver 100 g"},"content":{"rendered":"<p>Sanatur Bio Weizengras Pulver bereichert eine vollwertige Ern\u00e4hrung mit Ballaststoffen. Es wird besonders w\u00e4hrend Ern\u00e4hrungsumstellungen oder im Zuge einer basenreichen Ern\u00e4hrung gesch\u00e4tzt. Das Produkt enth\u00e4lt ausschlie\u00dflich biologisch Inhaltsstoffe.<\/p>\n","protected":false},"excerpt":{"rendered":"<p>Sanatur Bio Weizengras Pulver bereichert eine vollwertige Ern\u00e4hrung mit Ballaststoffen. Es wird besonders w\u00e4hrend Ern\u00e4hrungsumstellungen oder im Zuge einer basenreichen Ern\u00e4hrung gesch\u00e4tzt. Das Produkt enth\u00e4lt ausschlie\u00dflich biologisch Inhaltsstoffe.<\/p>\n","protected":false},"featured_media":61167,"template":"","meta":{"_acf_changed":false},"product_brand":[],"product_cat":[303],"product_tag":[],"class_list":{"0":"post-61165","1":"product","2":"type-product","3":"status-publish","4":"has-post-thumbnail","6":"product_cat-s","7":"pa_packungsgroesse-90g","9":"first","10":"instock","11":"shipping-taxable","12":"purchasable","13":"product-type-simple"},"acf":[],"_links":{"self":[{"href":"https:\/\/www.hirtenberg-apotheke.at\/katalog\/wp-json\/wp\/v2\/product\/61165","targetHints":{"allow":["GET"]}}],"collection":[{"href":"https:\/\/www.hirtenberg-apotheke.at\/katalog\/wp-json\/wp\/v2\/product"}],"about":[{"href":"https:\/\/www.hirtenberg-apotheke.at\/katalog\/wp-json\/wp\/v2\/types\/product"}],"wp:featuredmedia":[{"embeddable":true,"href":"https:\/\/www.hirtenberg-apotheke.at\/katalog\/wp-json\/wp\/v2\/media\/61167"}],"wp:attachment":[{"href":"https:\/\/www.hirtenberg-apotheke.at\/katalog\/wp-json\/wp\/v2\/media?parent=61165"}],"wp:term":[{"taxonomy":"product_brand","embeddable":true,"href":"https:\/\/www.hirtenberg-apotheke.at\/katalog\/wp-json\/wp\/v2\/product_brand?post=61165"},{"taxonomy":"product_cat","embeddable":true,"href":"https:\/\/www.hirtenberg-apotheke.at\/katalog\/wp-json\/wp\/v2\/product_cat?post=61165"},{"taxonomy":"product_tag","embeddable":true,"href":"https:\/\/www.hirtenberg-apotheke.at\/katalog\/wp-json\/wp\/v2\/product_tag?post=61165"}],"curies":[{"name":"wp","href":"https:\/\/api.w.org\/{rel}","templated":true}]}}