{"id":61244,"date":"2025-11-26T19:24:36","date_gmt":"2025-11-26T18:24:36","guid":{"rendered":"https:\/\/www.hirtenberg-apotheke.at\/katalog\/produkt\/kneipp-badeoel-mandelblueten-100-ml\/"},"modified":"2025-11-26T19:24:49","modified_gmt":"2025-11-26T18:24:49","slug":"kneipp-badeoel-mandelblueten-100-ml","status":"publish","type":"product","link":"https:\/\/www.hirtenberg-apotheke.at\/katalog\/produkt\/kneipp-badeoel-mandelblueten-100-ml\/","title":{"rendered":"Kneipp Bade\u00f6l Mandelbl\u00fcten 100 ml"},"content":{"rendered":"<p>Das sinnlich duftende Kneipp\u00ae Pflege\u00f6lbad Mandelbl\u00fcten Hautzart bietet Ihrer Haut die optimale Kombination aus aktivem Schutz und f\u00fchlbarer Pflege. Mit 94% reinem Mandel\u00f6l unterst\u00fctzt es die Aufrechterhaltung des nat\u00fcrlichen Hautschutzmantels und hinterl\u00e4sst ein geschmeidig weiches Hautgef\u00fchl.<\/p>\n","protected":false},"excerpt":{"rendered":"<p>Das sinnlich duftende Kneipp\u00ae Pflege\u00f6lbad Mandelbl\u00fcten Hautzart bietet Ihrer Haut die optimale Kombination aus aktivem Schutz und f\u00fchlbarer Pflege. Mit 94% reinem Mandel\u00f6l unterst\u00fctzt es die Aufrechterhaltung des nat\u00fcrlichen Hautschutzmantels und hinterl\u00e4sst ein geschmeidig weiches Hautgef\u00fchl.<\/p>\n","protected":false},"featured_media":0,"template":"","meta":{"_acf_changed":false},"product_brand":[680],"product_cat":[387],"product_tag":[],"class_list":{"0":"post-61244","1":"product","2":"type-product","3":"status-publish","5":"product_brand-kneipp","6":"product_cat-k","7":"pa_packungsgroesse-100ml","9":"first","10":"instock","11":"shipping-taxable","12":"purchasable","13":"product-type-simple"},"acf":[],"_links":{"self":[{"href":"https:\/\/www.hirtenberg-apotheke.at\/katalog\/wp-json\/wp\/v2\/product\/61244","targetHints":{"allow":["GET"]}}],"collection":[{"href":"https:\/\/www.hirtenberg-apotheke.at\/katalog\/wp-json\/wp\/v2\/product"}],"about":[{"href":"https:\/\/www.hirtenberg-apotheke.at\/katalog\/wp-json\/wp\/v2\/types\/product"}],"wp:attachment":[{"href":"https:\/\/www.hirtenberg-apotheke.at\/katalog\/wp-json\/wp\/v2\/media?parent=61244"}],"wp:term":[{"taxonomy":"product_brand","embeddable":true,"href":"https:\/\/www.hirtenberg-apotheke.at\/katalog\/wp-json\/wp\/v2\/product_brand?post=61244"},{"taxonomy":"product_cat","embeddable":true,"href":"https:\/\/www.hirtenberg-apotheke.at\/katalog\/wp-json\/wp\/v2\/product_cat?post=61244"},{"taxonomy":"product_tag","embeddable":true,"href":"https:\/\/www.hirtenberg-apotheke.at\/katalog\/wp-json\/wp\/v2\/product_tag?post=61244"}],"curies":[{"name":"wp","href":"https:\/\/api.w.org\/{rel}","templated":true}]}}