{"id":61246,"date":"2025-11-26T19:24:36","date_gmt":"2025-11-26T18:24:36","guid":{"rendered":"https:\/\/www.hirtenberg-apotheke.at\/katalog\/produkt\/melasan-sport-thermo-shape-kapseln-90-stk\/"},"modified":"2025-11-26T19:24:56","modified_gmt":"2025-11-26T18:24:56","slug":"melasan-sport-thermo-shape-kapseln-90-stk","status":"publish","type":"product","link":"https:\/\/www.hirtenberg-apotheke.at\/katalog\/produkt\/melasan-sport-thermo-shape-kapseln-90-stk\/","title":{"rendered":"Melasan Sport THERMO SHAPE Kapseln 90 Stk."},"content":{"rendered":"<p>Die neuen Melasan Sport Thermo Shape Kapseln haben es in sich: Unser \u0084Fettkiller\u0093 kurbelt die Fettverbrennung an und aktiviert den Stoffwechsel. Der Appetit wird gez\u00fcgelt, die Muskelkontraktionskraft gesteigert und die Leistungsf\u00e4higkeit verl\u00e4ngert. Durch die innovative Zusammensetzung ist es m\u00f6glich pro Tag bis zu 100 kcal zus\u00e4tzlich zu verbrennen &#8211; dieses und weitere Produkte von Melasan mit hohem Rabatt bestellen!<\/p>\n","protected":false},"excerpt":{"rendered":"<p>Die neuen Melasan Sport Thermo Shape Kapseln haben es in sich: Unser \u0084Fettkiller\u0093 kurbelt die Fettverbrennung an und aktiviert den Stoffwechsel. Der Appetit wird gez\u00fcgelt, die Muskelkontraktionskraft gesteigert und die Leistungsf\u00e4higkeit verl\u00e4ngert. Durch die innovative Zusammensetzung ist es m\u00f6glich pro Tag bis zu 100 kcal zus\u00e4tzlich zu verbrennen &#8211; dieses und weitere Produkte von Melasan [&hellip;]<\/p>\n","protected":false},"featured_media":0,"template":"","meta":{"_acf_changed":false},"product_brand":[323],"product_cat":[308],"product_tag":[],"class_list":{"0":"post-61246","1":"product","2":"type-product","3":"status-publish","5":"product_brand-melasan","6":"product_cat-m","7":"pa_packungsgroesse-90-stueck","9":"first","10":"instock","11":"shipping-taxable","12":"purchasable","13":"product-type-simple"},"acf":[],"_links":{"self":[{"href":"https:\/\/www.hirtenberg-apotheke.at\/katalog\/wp-json\/wp\/v2\/product\/61246","targetHints":{"allow":["GET"]}}],"collection":[{"href":"https:\/\/www.hirtenberg-apotheke.at\/katalog\/wp-json\/wp\/v2\/product"}],"about":[{"href":"https:\/\/www.hirtenberg-apotheke.at\/katalog\/wp-json\/wp\/v2\/types\/product"}],"wp:attachment":[{"href":"https:\/\/www.hirtenberg-apotheke.at\/katalog\/wp-json\/wp\/v2\/media?parent=61246"}],"wp:term":[{"taxonomy":"product_brand","embeddable":true,"href":"https:\/\/www.hirtenberg-apotheke.at\/katalog\/wp-json\/wp\/v2\/product_brand?post=61246"},{"taxonomy":"product_cat","embeddable":true,"href":"https:\/\/www.hirtenberg-apotheke.at\/katalog\/wp-json\/wp\/v2\/product_cat?post=61246"},{"taxonomy":"product_tag","embeddable":true,"href":"https:\/\/www.hirtenberg-apotheke.at\/katalog\/wp-json\/wp\/v2\/product_tag?post=61246"}],"curies":[{"name":"wp","href":"https:\/\/api.w.org\/{rel}","templated":true}]}}