{"id":61252,"date":"2025-11-26T19:24:36","date_gmt":"2025-11-26T18:24:36","guid":{"rendered":"https:\/\/www.hirtenberg-apotheke.at\/katalog\/produkt\/kneipp-sauna-aufguss-auszeit-pur-100-ml\/"},"modified":"2025-11-26T19:25:08","modified_gmt":"2025-11-26T18:25:08","slug":"kneipp-sauna-aufguss-auszeit-pur-100-ml","status":"publish","type":"product","link":"https:\/\/www.hirtenberg-apotheke.at\/katalog\/produkt\/kneipp-sauna-aufguss-auszeit-pur-100-ml\/","title":{"rendered":"Kneipp Sauna-Aufguss Auszeit Pur 100 ml"},"content":{"rendered":"<p>Der aromatisch entspannende Kneipp\u00ae Sauna-Aufguss Auszeit Pur enth\u00e4lt wertvolle, sorgf\u00e4ltig ausgew\u00e4hlte \u00e4therische \u00d6le in bew\u00e4hrter Kneipp- Qualit\u00e4t. Ausz\u00fcge von Birke runden die wohltuende Wirkung des Kneipp\u00ae Sauna-Aufgusses ab und machen ihn zur wirkungsvollen Erg\u00e4nzung regelm\u00e4\u00dfiger Saunag\u00e4nge.Die Kombination \u00e4therischer \u00d6le aus Orange und Nelke wirkt ausgleichend und beruhigend. Sie vermittelt W\u00e4rme, Zufriedenheit und Geborgenheit. Das milde, warme, weiche und holzige Aroma der Zeder hat eine beruhigende Wirkung und schenkt neue Kraft. Regelm\u00e4\u00dfige Saunag\u00e4nge f\u00f6rdern das allgemeine Wohlbefinden, die Widerstandskraft des K\u00f6rpers sowie eine gesunde Hautdurchblutung.<\/p>\n","protected":false},"excerpt":{"rendered":"<p>Der aromatisch entspannende Kneipp\u00ae Sauna-Aufguss Auszeit Pur enth\u00e4lt wertvolle, sorgf\u00e4ltig ausgew\u00e4hlte \u00e4therische \u00d6le in bew\u00e4hrter Kneipp- Qualit\u00e4t. Ausz\u00fcge von Birke runden die wohltuende Wirkung des Kneipp\u00ae Sauna-Aufgusses ab und machen ihn zur wirkungsvollen Erg\u00e4nzung regelm\u00e4\u00dfiger Saunag\u00e4nge.Die Kombination \u00e4therischer \u00d6le aus Orange und Nelke wirkt ausgleichend und beruhigend. Sie vermittelt W\u00e4rme, Zufriedenheit und Geborgenheit. Das milde, [&hellip;]<\/p>\n","protected":false},"featured_media":61254,"template":"","meta":{"_acf_changed":false},"product_brand":[680],"product_cat":[387],"product_tag":[],"class_list":{"0":"post-61252","1":"product","2":"type-product","3":"status-publish","4":"has-post-thumbnail","6":"product_brand-kneipp","7":"product_cat-k","8":"pa_packungsgroesse-100ml","10":"first","11":"instock","12":"shipping-taxable","13":"purchasable","14":"product-type-simple"},"acf":[],"_links":{"self":[{"href":"https:\/\/www.hirtenberg-apotheke.at\/katalog\/wp-json\/wp\/v2\/product\/61252","targetHints":{"allow":["GET"]}}],"collection":[{"href":"https:\/\/www.hirtenberg-apotheke.at\/katalog\/wp-json\/wp\/v2\/product"}],"about":[{"href":"https:\/\/www.hirtenberg-apotheke.at\/katalog\/wp-json\/wp\/v2\/types\/product"}],"wp:featuredmedia":[{"embeddable":true,"href":"https:\/\/www.hirtenberg-apotheke.at\/katalog\/wp-json\/wp\/v2\/media\/61254"}],"wp:attachment":[{"href":"https:\/\/www.hirtenberg-apotheke.at\/katalog\/wp-json\/wp\/v2\/media?parent=61252"}],"wp:term":[{"taxonomy":"product_brand","embeddable":true,"href":"https:\/\/www.hirtenberg-apotheke.at\/katalog\/wp-json\/wp\/v2\/product_brand?post=61252"},{"taxonomy":"product_cat","embeddable":true,"href":"https:\/\/www.hirtenberg-apotheke.at\/katalog\/wp-json\/wp\/v2\/product_cat?post=61252"},{"taxonomy":"product_tag","embeddable":true,"href":"https:\/\/www.hirtenberg-apotheke.at\/katalog\/wp-json\/wp\/v2\/product_tag?post=61252"}],"curies":[{"name":"wp","href":"https:\/\/api.w.org\/{rel}","templated":true}]}}