{"id":61356,"date":"2025-11-26T19:27:14","date_gmt":"2025-11-26T18:27:14","guid":{"rendered":"https:\/\/www.hirtenberg-apotheke.at\/katalog\/produkt\/healing-herbs-pine-10-ml\/"},"modified":"2025-11-26T19:27:15","modified_gmt":"2025-11-26T18:27:15","slug":"healing-herbs-pine-10-ml","status":"publish","type":"product","link":"https:\/\/www.hirtenberg-apotheke.at\/katalog\/produkt\/healing-herbs-pine-10-ml\/","title":{"rendered":"Healing Herbs Pine 10 ml"},"content":{"rendered":"<p>Healing Herbs Pine wird besonders bei allen krankhaften St\u00f6rungen empfohlen, die mit Schuldgef\u00fchlen einhergehen oder davon ausgel\u00f6st wurden. So wird das Produkt im t\u00e4glichen Leben bei Gewissensbissen, Pingeligkeit sowie Skrupeln eingesetzt.<\/p>\n","protected":false},"excerpt":{"rendered":"<p>Healing Herbs Pine wird besonders bei allen krankhaften St\u00f6rungen empfohlen, die mit Schuldgef\u00fchlen einhergehen oder davon ausgel\u00f6st wurden. So wird das Produkt im t\u00e4glichen Leben bei Gewissensbissen, Pingeligkeit sowie Skrupeln eingesetzt.<\/p>\n","protected":false},"featured_media":0,"template":"","meta":{"_acf_changed":false},"product_brand":[919],"product_cat":[330],"product_tag":[],"class_list":{"0":"post-61356","1":"product","2":"type-product","3":"status-publish","5":"product_brand-healing-herbs","6":"product_cat-h","7":"pa_packungsgroesse-10ml","9":"first","10":"instock","11":"shipping-taxable","12":"purchasable","13":"product-type-simple"},"acf":[],"_links":{"self":[{"href":"https:\/\/www.hirtenberg-apotheke.at\/katalog\/wp-json\/wp\/v2\/product\/61356","targetHints":{"allow":["GET"]}}],"collection":[{"href":"https:\/\/www.hirtenberg-apotheke.at\/katalog\/wp-json\/wp\/v2\/product"}],"about":[{"href":"https:\/\/www.hirtenberg-apotheke.at\/katalog\/wp-json\/wp\/v2\/types\/product"}],"wp:attachment":[{"href":"https:\/\/www.hirtenberg-apotheke.at\/katalog\/wp-json\/wp\/v2\/media?parent=61356"}],"wp:term":[{"taxonomy":"product_brand","embeddable":true,"href":"https:\/\/www.hirtenberg-apotheke.at\/katalog\/wp-json\/wp\/v2\/product_brand?post=61356"},{"taxonomy":"product_cat","embeddable":true,"href":"https:\/\/www.hirtenberg-apotheke.at\/katalog\/wp-json\/wp\/v2\/product_cat?post=61356"},{"taxonomy":"product_tag","embeddable":true,"href":"https:\/\/www.hirtenberg-apotheke.at\/katalog\/wp-json\/wp\/v2\/product_tag?post=61356"}],"curies":[{"name":"wp","href":"https:\/\/api.w.org\/{rel}","templated":true}]}}