{"id":61377,"date":"2025-11-26T19:27:14","date_gmt":"2025-11-26T18:27:14","guid":{"rendered":"https:\/\/www.hirtenberg-apotheke.at\/katalog\/produkt\/thymuskin-classic-serum-200-ml\/"},"modified":"2025-11-26T19:27:37","modified_gmt":"2025-11-26T18:27:37","slug":"thymuskin-classic-serum-200-ml","status":"publish","type":"product","link":"https:\/\/www.hirtenberg-apotheke.at\/katalog\/produkt\/thymuskin-classic-serum-200-ml\/","title":{"rendered":"Thymuskin Classic Serum 200 ml"},"content":{"rendered":"<p>Thymuskin Classic Serum stoppt Haarausfall und aktiviert neuen Haarwuchs. Dieses Produkt zeichnet sich durch seine hohe Wirksamkeit ebenso wie durch die gute Vertr\u00e4glichkeit aus. Die in Thymuskin enthaltenen Pflegestoffe revitalisieren und regenerieren das Haar. Das Ergebnis sind sch\u00f6ne, nat\u00fcrliche und kr\u00e4ftige Haare, frei von unerw\u00fcnschten Zusatzstoffen &#8211; jetzt mit hohem Rabatt bestellen > durch GRATIS Lieferung* bares Geld sparen!<\/p>\n","protected":false},"excerpt":{"rendered":"<p>Thymuskin Classic Serum stoppt Haarausfall und aktiviert neuen Haarwuchs. Dieses Produkt zeichnet sich durch seine hohe Wirksamkeit ebenso wie durch die gute Vertr\u00e4glichkeit aus. Die in Thymuskin enthaltenen Pflegestoffe revitalisieren und regenerieren das Haar. Das Ergebnis sind sch\u00f6ne, nat\u00fcrliche und kr\u00e4ftige Haare, frei von unerw\u00fcnschten Zusatzstoffen &#8211; jetzt mit hohem Rabatt bestellen > durch GRATIS [&hellip;]<\/p>\n","protected":false},"featured_media":0,"template":"","meta":{"_acf_changed":false},"product_brand":[],"product_cat":[319],"product_tag":[],"class_list":{"0":"post-61377","1":"product","2":"type-product","3":"status-publish","5":"product_cat-t","6":"pa_packungsgroesse-200ml","8":"first","9":"instock","10":"shipping-taxable","11":"purchasable","12":"product-type-simple"},"acf":[],"_links":{"self":[{"href":"https:\/\/www.hirtenberg-apotheke.at\/katalog\/wp-json\/wp\/v2\/product\/61377","targetHints":{"allow":["GET"]}}],"collection":[{"href":"https:\/\/www.hirtenberg-apotheke.at\/katalog\/wp-json\/wp\/v2\/product"}],"about":[{"href":"https:\/\/www.hirtenberg-apotheke.at\/katalog\/wp-json\/wp\/v2\/types\/product"}],"wp:attachment":[{"href":"https:\/\/www.hirtenberg-apotheke.at\/katalog\/wp-json\/wp\/v2\/media?parent=61377"}],"wp:term":[{"taxonomy":"product_brand","embeddable":true,"href":"https:\/\/www.hirtenberg-apotheke.at\/katalog\/wp-json\/wp\/v2\/product_brand?post=61377"},{"taxonomy":"product_cat","embeddable":true,"href":"https:\/\/www.hirtenberg-apotheke.at\/katalog\/wp-json\/wp\/v2\/product_cat?post=61377"},{"taxonomy":"product_tag","embeddable":true,"href":"https:\/\/www.hirtenberg-apotheke.at\/katalog\/wp-json\/wp\/v2\/product_tag?post=61377"}],"curies":[{"name":"wp","href":"https:\/\/api.w.org\/{rel}","templated":true}]}}