{"id":61417,"date":"2025-11-26T19:28:12","date_gmt":"2025-11-26T18:28:12","guid":{"rendered":"https:\/\/www.hirtenberg-apotheke.at\/katalog\/produkt\/life-light-leber-phase-1-60-stk\/"},"modified":"2025-11-26T19:28:26","modified_gmt":"2025-11-26T18:28:26","slug":"life-light-leber-phase-1-60-stk","status":"publish","type":"product","link":"https:\/\/www.hirtenberg-apotheke.at\/katalog\/produkt\/life-light-leber-phase-1-60-stk\/","title":{"rendered":"Life Light Leber Phase 1 60 Stk."},"content":{"rendered":"<p>Life Light Leber Phase 1 Mikron\u00e4hrstoffkomplex tr\u00e4gt zu einer normalen DNA-Synthese, einer normalen Fruchtbarkeit und einer normalen Reproduktion bei. Au\u00dferdem leistet es einen Beitrag zur Erhaltung normaler Haut, Haare, N\u00e4gel und Knochen. Dar\u00fcber hinaus unterst\u00fctzt das Produkt die Stoffwechselprozesse von Fetts\u00e4uren, Kohlenhydraten, Makron\u00e4hrstoffen und Vitamin A.<\/p>\n","protected":false},"excerpt":{"rendered":"<p>Life Light Leber Phase 1 Mikron\u00e4hrstoffkomplex tr\u00e4gt zu einer normalen DNA-Synthese, einer normalen Fruchtbarkeit und einer normalen Reproduktion bei. Au\u00dferdem leistet es einen Beitrag zur Erhaltung normaler Haut, Haare, N\u00e4gel und Knochen. Dar\u00fcber hinaus unterst\u00fctzt das Produkt die Stoffwechselprozesse von Fetts\u00e4uren, Kohlenhydraten, Makron\u00e4hrstoffen und Vitamin A.<\/p>\n","protected":false},"featured_media":0,"template":"","meta":{"_acf_changed":false},"product_brand":[],"product_cat":[317],"product_tag":[],"class_list":{"0":"post-61417","1":"product","2":"type-product","3":"status-publish","5":"product_cat-l","6":"pa_packungsgroesse-60-stueck","8":"first","9":"instock","10":"shipping-taxable","11":"purchasable","12":"product-type-simple"},"acf":[],"_links":{"self":[{"href":"https:\/\/www.hirtenberg-apotheke.at\/katalog\/wp-json\/wp\/v2\/product\/61417","targetHints":{"allow":["GET"]}}],"collection":[{"href":"https:\/\/www.hirtenberg-apotheke.at\/katalog\/wp-json\/wp\/v2\/product"}],"about":[{"href":"https:\/\/www.hirtenberg-apotheke.at\/katalog\/wp-json\/wp\/v2\/types\/product"}],"wp:attachment":[{"href":"https:\/\/www.hirtenberg-apotheke.at\/katalog\/wp-json\/wp\/v2\/media?parent=61417"}],"wp:term":[{"taxonomy":"product_brand","embeddable":true,"href":"https:\/\/www.hirtenberg-apotheke.at\/katalog\/wp-json\/wp\/v2\/product_brand?post=61417"},{"taxonomy":"product_cat","embeddable":true,"href":"https:\/\/www.hirtenberg-apotheke.at\/katalog\/wp-json\/wp\/v2\/product_cat?post=61417"},{"taxonomy":"product_tag","embeddable":true,"href":"https:\/\/www.hirtenberg-apotheke.at\/katalog\/wp-json\/wp\/v2\/product_tag?post=61417"}],"curies":[{"name":"wp","href":"https:\/\/api.w.org\/{rel}","templated":true}]}}