{"id":61688,"date":"2025-11-26T19:34:09","date_gmt":"2025-11-26T18:34:09","guid":{"rendered":"https:\/\/www.hirtenberg-apotheke.at\/katalog\/produkt\/sentina-ink-form-extra-25-stk\/"},"modified":"2025-11-26T19:34:11","modified_gmt":"2025-11-26T18:34:11","slug":"sentina-ink-form-extra-25-stk","status":"publish","type":"product","link":"https:\/\/www.hirtenberg-apotheke.at\/katalog\/produkt\/sentina-ink-form-extra-25-stk\/","title":{"rendered":"Sentina Ink Form Extra 25 Stk."},"content":{"rendered":"<p>Lohmann &#038; Rauscher (L&#038;R) ist ein international f\u00fchrender Anbieter von zukunftsorientierten Medizin- und Hygieneprodukten h\u00f6chster Qualit\u00e4t  vom klassischen Verbandstoff bis zum modernen Therapie- und Pflegesystem. 1998 aus den beiden Unternehmen Lohmann (gegr\u00fcndet 1851) und Rauscher (gegr\u00fcndet 1899) entstanden, verf\u00fcgt L&#038;R \u00fcber 160 Jahre Kompetenz als zuverl\u00e4ssiger Partner und Probleml\u00f6ser f\u00fcr seine Kunden  jetzt mit hohem Rabatt bestellen!<\/p>\n","protected":false},"excerpt":{"rendered":"<p>Lohmann &#038; Rauscher (L&#038;R) ist ein international f\u00fchrender Anbieter von zukunftsorientierten Medizin- und Hygieneprodukten h\u00f6chster Qualit\u00e4t vom klassischen Verbandstoff bis zum modernen Therapie- und Pflegesystem. 1998 aus den beiden Unternehmen Lohmann (gegr\u00fcndet 1851) und Rauscher (gegr\u00fcndet 1899) entstanden, verf\u00fcgt L&#038;R \u00fcber 160 Jahre Kompetenz als zuverl\u00e4ssiger Partner und Probleml\u00f6ser f\u00fcr seine Kunden jetzt mit hohem [&hellip;]<\/p>\n","protected":false},"featured_media":0,"template":"","meta":{"_acf_changed":false},"product_brand":[1160],"product_cat":[303],"product_tag":[],"class_list":{"0":"post-61688","1":"product","2":"type-product","3":"status-publish","5":"product_brand-sentina","6":"product_cat-s","7":"pa_packungsgroesse-25-stueck","9":"first","10":"instock","11":"shipping-taxable","12":"purchasable","13":"product-type-simple"},"acf":[],"_links":{"self":[{"href":"https:\/\/www.hirtenberg-apotheke.at\/katalog\/wp-json\/wp\/v2\/product\/61688","targetHints":{"allow":["GET"]}}],"collection":[{"href":"https:\/\/www.hirtenberg-apotheke.at\/katalog\/wp-json\/wp\/v2\/product"}],"about":[{"href":"https:\/\/www.hirtenberg-apotheke.at\/katalog\/wp-json\/wp\/v2\/types\/product"}],"wp:attachment":[{"href":"https:\/\/www.hirtenberg-apotheke.at\/katalog\/wp-json\/wp\/v2\/media?parent=61688"}],"wp:term":[{"taxonomy":"product_brand","embeddable":true,"href":"https:\/\/www.hirtenberg-apotheke.at\/katalog\/wp-json\/wp\/v2\/product_brand?post=61688"},{"taxonomy":"product_cat","embeddable":true,"href":"https:\/\/www.hirtenberg-apotheke.at\/katalog\/wp-json\/wp\/v2\/product_cat?post=61688"},{"taxonomy":"product_tag","embeddable":true,"href":"https:\/\/www.hirtenberg-apotheke.at\/katalog\/wp-json\/wp\/v2\/product_tag?post=61688"}],"curies":[{"name":"wp","href":"https:\/\/api.w.org\/{rel}","templated":true}]}}