{"id":61694,"date":"2025-11-26T19:34:09","date_gmt":"2025-11-26T18:34:09","guid":{"rendered":"https:\/\/www.hirtenberg-apotheke.at\/katalog\/produkt\/australische-buschblueten-essenzen-15-ml-bush-fuchsia\/"},"modified":"2025-11-26T19:34:17","modified_gmt":"2025-11-26T18:34:17","slug":"australische-buschblueten-essenzen-15-ml-bush-fuchsia","status":"publish","type":"product","link":"https:\/\/www.hirtenberg-apotheke.at\/katalog\/produkt\/australische-buschblueten-essenzen-15-ml-bush-fuchsia\/","title":{"rendered":"Australische Buschbl\u00fcten Essenzen 15 ml Bush Fuchsia"},"content":{"rendered":"<p>Australische Buschbl\u00fcten Essenz Bush Fuchsia unterst\u00fctzt beim L\u00f6sen von Problemen und hilft, auf seine Intuition zu vertrauen. Die Essenz sorgt f\u00fcr Balance zwischen Rationalit\u00e4t und Intuition.<\/p>\n","protected":false},"excerpt":{"rendered":"<p>Australische Buschbl\u00fcten Essenz Bush Fuchsia unterst\u00fctzt beim L\u00f6sen von Problemen und hilft, auf seine Intuition zu vertrauen. Die Essenz sorgt f\u00fcr Balance zwischen Rationalit\u00e4t und Intuition.<\/p>\n","protected":false},"featured_media":0,"template":"","meta":{"_acf_changed":false},"product_brand":[922],"product_cat":[299],"product_tag":[],"class_list":{"0":"post-61694","1":"product","2":"type-product","3":"status-publish","5":"product_brand-australische-buschblueten","6":"product_cat-a","7":"pa_packungsgroesse-15ml","9":"first","10":"instock","11":"shipping-taxable","12":"purchasable","13":"product-type-simple"},"acf":[],"_links":{"self":[{"href":"https:\/\/www.hirtenberg-apotheke.at\/katalog\/wp-json\/wp\/v2\/product\/61694","targetHints":{"allow":["GET"]}}],"collection":[{"href":"https:\/\/www.hirtenberg-apotheke.at\/katalog\/wp-json\/wp\/v2\/product"}],"about":[{"href":"https:\/\/www.hirtenberg-apotheke.at\/katalog\/wp-json\/wp\/v2\/types\/product"}],"wp:attachment":[{"href":"https:\/\/www.hirtenberg-apotheke.at\/katalog\/wp-json\/wp\/v2\/media?parent=61694"}],"wp:term":[{"taxonomy":"product_brand","embeddable":true,"href":"https:\/\/www.hirtenberg-apotheke.at\/katalog\/wp-json\/wp\/v2\/product_brand?post=61694"},{"taxonomy":"product_cat","embeddable":true,"href":"https:\/\/www.hirtenberg-apotheke.at\/katalog\/wp-json\/wp\/v2\/product_cat?post=61694"},{"taxonomy":"product_tag","embeddable":true,"href":"https:\/\/www.hirtenberg-apotheke.at\/katalog\/wp-json\/wp\/v2\/product_tag?post=61694"}],"curies":[{"name":"wp","href":"https:\/\/api.w.org\/{rel}","templated":true}]}}