{"id":61832,"date":"2025-11-26T19:36:19","date_gmt":"2025-11-26T18:36:19","guid":{"rendered":"https:\/\/www.hirtenberg-apotheke.at\/katalog\/produkt\/sweatstop-haende-spray-forte-max-100ml\/"},"modified":"2025-11-26T19:36:32","modified_gmt":"2025-11-26T18:36:32","slug":"sweatstop-haende-spray-forte-max-100ml","status":"publish","type":"product","link":"https:\/\/www.hirtenberg-apotheke.at\/katalog\/produkt\/sweatstop-haende-spray-forte-max-100ml\/","title":{"rendered":"Sweatstop H\u00e4nde Spray forte Max 100ml"},"content":{"rendered":"<p>Sweatstop H\u00e4nde Spray forte Max hilft gegen Schwei\u00df- und Geruchsbildung an den H\u00e4nden. Gibt Ihnen 48 Stunden das Gef\u00fchl der Sicherheit.<\/p>\n","protected":false},"excerpt":{"rendered":"<p>Sweatstop H\u00e4nde Spray forte Max hilft gegen Schwei\u00df- und Geruchsbildung an den H\u00e4nden. Gibt Ihnen 48 Stunden das Gef\u00fchl der Sicherheit.<\/p>\n","protected":false},"featured_media":0,"template":"","meta":{"_acf_changed":false},"product_brand":[],"product_cat":[303],"product_tag":[],"class_list":{"0":"post-61832","1":"product","2":"type-product","3":"status-publish","5":"product_cat-s","6":"pa_packungsgroesse-100ml","8":"first","9":"instock","10":"shipping-taxable","11":"purchasable","12":"product-type-simple"},"acf":[],"_links":{"self":[{"href":"https:\/\/www.hirtenberg-apotheke.at\/katalog\/wp-json\/wp\/v2\/product\/61832","targetHints":{"allow":["GET"]}}],"collection":[{"href":"https:\/\/www.hirtenberg-apotheke.at\/katalog\/wp-json\/wp\/v2\/product"}],"about":[{"href":"https:\/\/www.hirtenberg-apotheke.at\/katalog\/wp-json\/wp\/v2\/types\/product"}],"wp:attachment":[{"href":"https:\/\/www.hirtenberg-apotheke.at\/katalog\/wp-json\/wp\/v2\/media?parent=61832"}],"wp:term":[{"taxonomy":"product_brand","embeddable":true,"href":"https:\/\/www.hirtenberg-apotheke.at\/katalog\/wp-json\/wp\/v2\/product_brand?post=61832"},{"taxonomy":"product_cat","embeddable":true,"href":"https:\/\/www.hirtenberg-apotheke.at\/katalog\/wp-json\/wp\/v2\/product_cat?post=61832"},{"taxonomy":"product_tag","embeddable":true,"href":"https:\/\/www.hirtenberg-apotheke.at\/katalog\/wp-json\/wp\/v2\/product_tag?post=61832"}],"curies":[{"name":"wp","href":"https:\/\/api.w.org\/{rel}","templated":true}]}}