{"id":61967,"date":"2025-11-26T19:38:26","date_gmt":"2025-11-26T18:38:26","guid":{"rendered":"https:\/\/www.hirtenberg-apotheke.at\/katalog\/produkt\/gall-pharma-bachblueten-05-cerato\/"},"modified":"2025-11-26T19:39:09","modified_gmt":"2025-11-26T18:39:09","slug":"gall-pharma-bachblueten-05-cerato","status":"publish","type":"product","link":"https:\/\/www.hirtenberg-apotheke.at\/katalog\/produkt\/gall-pharma-bachblueten-05-cerato\/","title":{"rendered":"Gall Pharma BACHBL\u00dcTEN 05 Cerato"},"content":{"rendered":"<p>Bachbl\u00fcte Nr. 5 Original Flower Remedies Cerato unterst\u00fctzt bei: Schw\u00e4che des eigenen Willens, \u00dcberreaktion auf die W\u00fcnsche anderer, leichter Ausnutzung der Gutm\u00fctigkeit, nicht nein sagen k\u00f6nnen.<\/p>\n","protected":false},"excerpt":{"rendered":"<p>Bachbl\u00fcte Nr. 5 Original Flower Remedies Cerato unterst\u00fctzt bei: Schw\u00e4che des eigenen Willens, \u00dcberreaktion auf die W\u00fcnsche anderer, leichter Ausnutzung der Gutm\u00fctigkeit, nicht nein sagen k\u00f6nnen.<\/p>\n","protected":false},"featured_media":61969,"template":"","meta":{"_acf_changed":false},"product_brand":[316],"product_cat":[328],"product_tag":[],"class_list":{"0":"post-61967","1":"product","2":"type-product","3":"status-publish","4":"has-post-thumbnail","6":"product_brand-gall-pharma","7":"product_cat-g","8":"pa_packungsgroesse-20ml","10":"first","11":"instock","12":"shipping-taxable","13":"purchasable","14":"product-type-simple"},"acf":[],"_links":{"self":[{"href":"https:\/\/www.hirtenberg-apotheke.at\/katalog\/wp-json\/wp\/v2\/product\/61967","targetHints":{"allow":["GET"]}}],"collection":[{"href":"https:\/\/www.hirtenberg-apotheke.at\/katalog\/wp-json\/wp\/v2\/product"}],"about":[{"href":"https:\/\/www.hirtenberg-apotheke.at\/katalog\/wp-json\/wp\/v2\/types\/product"}],"wp:featuredmedia":[{"embeddable":true,"href":"https:\/\/www.hirtenberg-apotheke.at\/katalog\/wp-json\/wp\/v2\/media\/61969"}],"wp:attachment":[{"href":"https:\/\/www.hirtenberg-apotheke.at\/katalog\/wp-json\/wp\/v2\/media?parent=61967"}],"wp:term":[{"taxonomy":"product_brand","embeddable":true,"href":"https:\/\/www.hirtenberg-apotheke.at\/katalog\/wp-json\/wp\/v2\/product_brand?post=61967"},{"taxonomy":"product_cat","embeddable":true,"href":"https:\/\/www.hirtenberg-apotheke.at\/katalog\/wp-json\/wp\/v2\/product_cat?post=61967"},{"taxonomy":"product_tag","embeddable":true,"href":"https:\/\/www.hirtenberg-apotheke.at\/katalog\/wp-json\/wp\/v2\/product_tag?post=61967"}],"curies":[{"name":"wp","href":"https:\/\/api.w.org\/{rel}","templated":true}]}}