{"id":62000,"date":"2025-11-26T19:39:08","date_gmt":"2025-11-26T18:39:08","guid":{"rendered":"https:\/\/www.hirtenberg-apotheke.at\/katalog\/produkt\/zeinpharma-l-tyrosin-500-mg-kapseln-120-stk\/"},"modified":"2025-11-26T19:39:58","modified_gmt":"2025-11-26T18:39:58","slug":"zeinpharma-l-tyrosin-500-mg-kapseln-120-stk","status":"publish","type":"product","link":"https:\/\/www.hirtenberg-apotheke.at\/katalog\/produkt\/zeinpharma-l-tyrosin-500-mg-kapseln-120-stk\/","title":{"rendered":"Zeinpharma L-Tyrosin 500 mg Kapseln 120 Stk."},"content":{"rendered":"<p>ZeinPharma L-Tyrosin 500 mg Kapseln erm\u00f6glichen es die Ern\u00e4hrung in Zeiten eines erh\u00f6hten Protein-Bedarfs optimal erg\u00e4nzen. Perfekt geeignet zur Deckung des L-Tyrosin-Bedarfs w\u00e4hrend intensiver Konzentrations- und Trainingsphasen.<\/p>\n","protected":false},"excerpt":{"rendered":"<p>ZeinPharma L-Tyrosin 500 mg Kapseln erm\u00f6glichen es die Ern\u00e4hrung in Zeiten eines erh\u00f6hten Protein-Bedarfs optimal erg\u00e4nzen. Perfekt geeignet zur Deckung des L-Tyrosin-Bedarfs w\u00e4hrend intensiver Konzentrations- und Trainingsphasen.<\/p>\n","protected":false},"featured_media":62002,"template":"","meta":{"_acf_changed":false},"product_brand":[],"product_cat":[325],"product_tag":[],"class_list":{"0":"post-62000","1":"product","2":"type-product","3":"status-publish","4":"has-post-thumbnail","6":"product_cat-z","7":"pa_packungsgroesse-120-stueck","9":"first","10":"instock","11":"shipping-taxable","12":"purchasable","13":"product-type-simple"},"acf":[],"_links":{"self":[{"href":"https:\/\/www.hirtenberg-apotheke.at\/katalog\/wp-json\/wp\/v2\/product\/62000","targetHints":{"allow":["GET"]}}],"collection":[{"href":"https:\/\/www.hirtenberg-apotheke.at\/katalog\/wp-json\/wp\/v2\/product"}],"about":[{"href":"https:\/\/www.hirtenberg-apotheke.at\/katalog\/wp-json\/wp\/v2\/types\/product"}],"wp:featuredmedia":[{"embeddable":true,"href":"https:\/\/www.hirtenberg-apotheke.at\/katalog\/wp-json\/wp\/v2\/media\/62002"}],"wp:attachment":[{"href":"https:\/\/www.hirtenberg-apotheke.at\/katalog\/wp-json\/wp\/v2\/media?parent=62000"}],"wp:term":[{"taxonomy":"product_brand","embeddable":true,"href":"https:\/\/www.hirtenberg-apotheke.at\/katalog\/wp-json\/wp\/v2\/product_brand?post=62000"},{"taxonomy":"product_cat","embeddable":true,"href":"https:\/\/www.hirtenberg-apotheke.at\/katalog\/wp-json\/wp\/v2\/product_cat?post=62000"},{"taxonomy":"product_tag","embeddable":true,"href":"https:\/\/www.hirtenberg-apotheke.at\/katalog\/wp-json\/wp\/v2\/product_tag?post=62000"}],"curies":[{"name":"wp","href":"https:\/\/api.w.org\/{rel}","templated":true}]}}