{"id":62031,"date":"2025-11-26T19:39:57","date_gmt":"2025-11-26T18:39:57","guid":{"rendered":"https:\/\/www.hirtenberg-apotheke.at\/katalog\/produkt\/erste-hilfe-verbandskasten-easymed-stand-2-nachfuellung-1-stk\/"},"modified":"2025-11-26T19:40:25","modified_gmt":"2025-11-26T18:40:25","slug":"erste-hilfe-verbandskasten-easymed-stand-2-nachfuellung-1-stk","status":"publish","type":"product","link":"https:\/\/www.hirtenberg-apotheke.at\/katalog\/produkt\/erste-hilfe-verbandskasten-easymed-stand-2-nachfuellung-1-stk\/","title":{"rendered":"Erste Hilfe Verbandskasten Easymed Stand 2 Nachf\u00fcllung 1 Stk."},"content":{"rendered":"<p>Erste Hilfe Verbandskasten Easymed Standard Typ 2 Nachf\u00fcllung ist geeignet f\u00fcr Arbeitsbereiche bis 20 Personen. Der Inhalt ist speziell auf typische Verletzungen im Handels-, B\u00fcro- und Lagerbereich abgestimmt.<\/p>\n","protected":false},"excerpt":{"rendered":"<p>Erste Hilfe Verbandskasten Easymed Standard Typ 2 Nachf\u00fcllung ist geeignet f\u00fcr Arbeitsbereiche bis 20 Personen. Der Inhalt ist speziell auf typische Verletzungen im Handels-, B\u00fcro- und Lagerbereich abgestimmt.<\/p>\n","protected":false},"featured_media":62033,"template":"","meta":{"_acf_changed":false},"product_brand":[],"product_cat":[307],"product_tag":[],"class_list":{"0":"post-62031","1":"product","2":"type-product","3":"status-publish","4":"has-post-thumbnail","6":"product_cat-e","7":"pa_packungsgroesse-1-stueck","9":"first","10":"instock","11":"shipping-taxable","12":"purchasable","13":"product-type-simple"},"acf":[],"_links":{"self":[{"href":"https:\/\/www.hirtenberg-apotheke.at\/katalog\/wp-json\/wp\/v2\/product\/62031","targetHints":{"allow":["GET"]}}],"collection":[{"href":"https:\/\/www.hirtenberg-apotheke.at\/katalog\/wp-json\/wp\/v2\/product"}],"about":[{"href":"https:\/\/www.hirtenberg-apotheke.at\/katalog\/wp-json\/wp\/v2\/types\/product"}],"wp:featuredmedia":[{"embeddable":true,"href":"https:\/\/www.hirtenberg-apotheke.at\/katalog\/wp-json\/wp\/v2\/media\/62033"}],"wp:attachment":[{"href":"https:\/\/www.hirtenberg-apotheke.at\/katalog\/wp-json\/wp\/v2\/media?parent=62031"}],"wp:term":[{"taxonomy":"product_brand","embeddable":true,"href":"https:\/\/www.hirtenberg-apotheke.at\/katalog\/wp-json\/wp\/v2\/product_brand?post=62031"},{"taxonomy":"product_cat","embeddable":true,"href":"https:\/\/www.hirtenberg-apotheke.at\/katalog\/wp-json\/wp\/v2\/product_cat?post=62031"},{"taxonomy":"product_tag","embeddable":true,"href":"https:\/\/www.hirtenberg-apotheke.at\/katalog\/wp-json\/wp\/v2\/product_tag?post=62031"}],"curies":[{"name":"wp","href":"https:\/\/api.w.org\/{rel}","templated":true}]}}