{"id":62064,"date":"2025-11-26T19:40:41","date_gmt":"2025-11-26T18:40:41","guid":{"rendered":"https:\/\/www.hirtenberg-apotheke.at\/katalog\/produkt\/eco-cosmetics-schwarzkuemmel-mundwasser-50-ml\/"},"modified":"2025-11-26T19:41:03","modified_gmt":"2025-11-26T18:41:03","slug":"eco-cosmetics-schwarzkuemmel-mundwasser-50-ml","status":"publish","type":"product","link":"https:\/\/www.hirtenberg-apotheke.at\/katalog\/produkt\/eco-cosmetics-schwarzkuemmel-mundwasser-50-ml\/","title":{"rendered":"Eco Cosmetics Schwarzk\u00fcmmel-Mundwasser 50 ml"},"content":{"rendered":"<p>Eco Cosmetics Schwarzk\u00fcmmel-Mundwasser sorgt f\u00fcr Frische und Pflege ganz ohne Pfefferminz. Besonders geeignet w\u00e4hrend hom\u00f6opathischer Behandlungen. Das Wasser sorgt f\u00fcr angenehmen Atem und ist frei von Fluoriden und synthetischen Zus\u00e4tzen. Das Produkt enth\u00e4lt teilweise biologische Inhaltsstoffe.<\/p>\n","protected":false},"excerpt":{"rendered":"<p>Eco Cosmetics Schwarzk\u00fcmmel-Mundwasser sorgt f\u00fcr Frische und Pflege ganz ohne Pfefferminz. Besonders geeignet w\u00e4hrend hom\u00f6opathischer Behandlungen. Das Wasser sorgt f\u00fcr angenehmen Atem und ist frei von Fluoriden und synthetischen Zus\u00e4tzen. Das Produkt enth\u00e4lt teilweise biologische Inhaltsstoffe.<\/p>\n","protected":false},"featured_media":0,"template":"","meta":{"_acf_changed":false},"product_brand":[],"product_cat":[307],"product_tag":[],"class_list":{"0":"post-62064","1":"product","2":"type-product","3":"status-publish","5":"product_cat-e","6":"pa_packungsgroesse-50ml","8":"first","9":"instock","10":"shipping-taxable","11":"purchasable","12":"product-type-simple"},"acf":[],"_links":{"self":[{"href":"https:\/\/www.hirtenberg-apotheke.at\/katalog\/wp-json\/wp\/v2\/product\/62064","targetHints":{"allow":["GET"]}}],"collection":[{"href":"https:\/\/www.hirtenberg-apotheke.at\/katalog\/wp-json\/wp\/v2\/product"}],"about":[{"href":"https:\/\/www.hirtenberg-apotheke.at\/katalog\/wp-json\/wp\/v2\/types\/product"}],"wp:attachment":[{"href":"https:\/\/www.hirtenberg-apotheke.at\/katalog\/wp-json\/wp\/v2\/media?parent=62064"}],"wp:term":[{"taxonomy":"product_brand","embeddable":true,"href":"https:\/\/www.hirtenberg-apotheke.at\/katalog\/wp-json\/wp\/v2\/product_brand?post=62064"},{"taxonomy":"product_cat","embeddable":true,"href":"https:\/\/www.hirtenberg-apotheke.at\/katalog\/wp-json\/wp\/v2\/product_cat?post=62064"},{"taxonomy":"product_tag","embeddable":true,"href":"https:\/\/www.hirtenberg-apotheke.at\/katalog\/wp-json\/wp\/v2\/product_tag?post=62064"}],"curies":[{"name":"wp","href":"https:\/\/api.w.org\/{rel}","templated":true}]}}