{"id":62088,"date":"2025-11-26T19:41:04","date_gmt":"2025-11-26T18:41:04","guid":{"rendered":"https:\/\/www.hirtenberg-apotheke.at\/katalog\/produkt\/life-light-neem-kraeuterdestillat-50-ml\/"},"modified":"2025-11-26T19:41:28","modified_gmt":"2025-11-26T18:41:28","slug":"life-light-neem-kraeuterdestillat-50-ml","status":"publish","type":"product","link":"https:\/\/www.hirtenberg-apotheke.at\/katalog\/produkt\/life-light-neem-kraeuterdestillat-50-ml\/","title":{"rendered":"Life Light Neem Kr\u00e4uterdestillat 50 ml"},"content":{"rendered":"<p>Life Light Neem Kr\u00e4uter Destillat ist ein hochwertiges Kr\u00e4uterdestillat nach Paracelsus aus frischem Neem. Neem wird sehr gerne gegen Bluthochdruck, Hepatitis, Geschw\u00fcre, Schilddr\u00fcsenerkrankungen und Verdauungsst\u00f6rungen eingesetzt. Au\u00dferdem wird es in der Zahn- und Mundhygiene eingestzt und bewirkt zudem die Senkung des Cholesterinspiegels.<\/p>\n","protected":false},"excerpt":{"rendered":"<p>Life Light Neem Kr\u00e4uter Destillat ist ein hochwertiges Kr\u00e4uterdestillat nach Paracelsus aus frischem Neem. Neem wird sehr gerne gegen Bluthochdruck, Hepatitis, Geschw\u00fcre, Schilddr\u00fcsenerkrankungen und Verdauungsst\u00f6rungen eingesetzt. Au\u00dferdem wird es in der Zahn- und Mundhygiene eingestzt und bewirkt zudem die Senkung des Cholesterinspiegels.<\/p>\n","protected":false},"featured_media":62090,"template":"","meta":{"_acf_changed":false},"product_brand":[],"product_cat":[317],"product_tag":[],"class_list":{"0":"post-62088","1":"product","2":"type-product","3":"status-publish","4":"has-post-thumbnail","6":"product_cat-l","7":"pa_packungsgroesse-50ml","9":"first","10":"instock","11":"shipping-taxable","12":"purchasable","13":"product-type-simple"},"acf":[],"_links":{"self":[{"href":"https:\/\/www.hirtenberg-apotheke.at\/katalog\/wp-json\/wp\/v2\/product\/62088","targetHints":{"allow":["GET"]}}],"collection":[{"href":"https:\/\/www.hirtenberg-apotheke.at\/katalog\/wp-json\/wp\/v2\/product"}],"about":[{"href":"https:\/\/www.hirtenberg-apotheke.at\/katalog\/wp-json\/wp\/v2\/types\/product"}],"wp:featuredmedia":[{"embeddable":true,"href":"https:\/\/www.hirtenberg-apotheke.at\/katalog\/wp-json\/wp\/v2\/media\/62090"}],"wp:attachment":[{"href":"https:\/\/www.hirtenberg-apotheke.at\/katalog\/wp-json\/wp\/v2\/media?parent=62088"}],"wp:term":[{"taxonomy":"product_brand","embeddable":true,"href":"https:\/\/www.hirtenberg-apotheke.at\/katalog\/wp-json\/wp\/v2\/product_brand?post=62088"},{"taxonomy":"product_cat","embeddable":true,"href":"https:\/\/www.hirtenberg-apotheke.at\/katalog\/wp-json\/wp\/v2\/product_cat?post=62088"},{"taxonomy":"product_tag","embeddable":true,"href":"https:\/\/www.hirtenberg-apotheke.at\/katalog\/wp-json\/wp\/v2\/product_tag?post=62088"}],"curies":[{"name":"wp","href":"https:\/\/api.w.org\/{rel}","templated":true}]}}