{"id":62150,"date":"2025-11-26T19:42:23","date_gmt":"2025-11-26T18:42:23","guid":{"rendered":"https:\/\/www.hirtenberg-apotheke.at\/katalog\/produkt\/jod-l-tyrosin-kapseln\/"},"modified":"2025-11-26T19:43:05","modified_gmt":"2025-11-26T18:43:05","slug":"jod-l-tyrosin-kapseln","status":"publish","type":"product","link":"https:\/\/www.hirtenberg-apotheke.at\/katalog\/produkt\/jod-l-tyrosin-kapseln\/","title":{"rendered":"Jod + L &#8211; Tyrosin Kapseln"},"content":{"rendered":"<p>Jod + L-Tyrosin GPH Kapseln sind ein Nahrungserg\u00e4nzungsmittel mit N\u00e4hrstoffen f\u00fcr die Schilddr\u00fcse. Ausreichend Jod ist essentiell f\u00fcr eine normale Entwicklung von K\u00f6rper und Geist. Durch die antioxidative Eigenschaft von Iod kann es auch zur St\u00e4rkung des Immunsystems beitragen. erhalten Sie dieses Produkt in Packungen zu 30 und 60 St\u00fcck.<\/p>\n","protected":false},"excerpt":{"rendered":"<p>Jod + L-Tyrosin GPH Kapseln sind ein Nahrungserg\u00e4nzungsmittel mit N\u00e4hrstoffen f\u00fcr die Schilddr\u00fcse. Ausreichend Jod ist essentiell f\u00fcr eine normale Entwicklung von K\u00f6rper und Geist. Durch die antioxidative Eigenschaft von Iod kann es auch zur St\u00e4rkung des Immunsystems beitragen. erhalten Sie dieses Produkt in Packungen zu 30 und 60 St\u00fcck.<\/p>\n","protected":false},"featured_media":62152,"template":"","meta":{"_acf_changed":false},"product_brand":[316],"product_cat":[335],"product_tag":[],"class_list":{"0":"post-62150","1":"product","2":"type-product","3":"status-publish","4":"has-post-thumbnail","6":"product_brand-gall-pharma","7":"product_cat-j","8":"pa_packungsgroesse-60-stueck","10":"first","11":"instock","12":"shipping-taxable","13":"purchasable","14":"product-type-simple"},"acf":[],"_links":{"self":[{"href":"https:\/\/www.hirtenberg-apotheke.at\/katalog\/wp-json\/wp\/v2\/product\/62150","targetHints":{"allow":["GET"]}}],"collection":[{"href":"https:\/\/www.hirtenberg-apotheke.at\/katalog\/wp-json\/wp\/v2\/product"}],"about":[{"href":"https:\/\/www.hirtenberg-apotheke.at\/katalog\/wp-json\/wp\/v2\/types\/product"}],"wp:featuredmedia":[{"embeddable":true,"href":"https:\/\/www.hirtenberg-apotheke.at\/katalog\/wp-json\/wp\/v2\/media\/62152"}],"wp:attachment":[{"href":"https:\/\/www.hirtenberg-apotheke.at\/katalog\/wp-json\/wp\/v2\/media?parent=62150"}],"wp:term":[{"taxonomy":"product_brand","embeddable":true,"href":"https:\/\/www.hirtenberg-apotheke.at\/katalog\/wp-json\/wp\/v2\/product_brand?post=62150"},{"taxonomy":"product_cat","embeddable":true,"href":"https:\/\/www.hirtenberg-apotheke.at\/katalog\/wp-json\/wp\/v2\/product_cat?post=62150"},{"taxonomy":"product_tag","embeddable":true,"href":"https:\/\/www.hirtenberg-apotheke.at\/katalog\/wp-json\/wp\/v2\/product_tag?post=62150"}],"curies":[{"name":"wp","href":"https:\/\/api.w.org\/{rel}","templated":true}]}}