{"id":62177,"date":"2025-11-26T19:43:07","date_gmt":"2025-11-26T18:43:07","guid":{"rendered":"https:\/\/www.hirtenberg-apotheke.at\/katalog\/produkt\/fresubin-yocreme-mischkarton-24-stk\/"},"modified":"2025-11-26T19:43:20","modified_gmt":"2025-11-26T18:43:20","slug":"fresubin-yocreme-mischkarton-24-stk","status":"publish","type":"product","link":"https:\/\/www.hirtenberg-apotheke.at\/katalog\/produkt\/fresubin-yocreme-mischkarton-24-stk\/","title":{"rendered":"Fresubin YOcr\u00e8me Mischkarton 24 Stk."},"content":{"rendered":"<p>Die erfrischende, joghurtartige Creme zum L\u00f6ffeln. Zum Di\u00e4tmanagement bei Patienten mit bestehender oder drohender Mangelern\u00e4hrung, insbesondere bei erh\u00f6htem Energie- und Eiwei\u00dfbedarf, limitierter Fl\u00fcssigkeitstoleranz oder Dysphagie.<\/p>\n","protected":false},"excerpt":{"rendered":"<p>Die erfrischende, joghurtartige Creme zum L\u00f6ffeln. Zum Di\u00e4tmanagement bei Patienten mit bestehender oder drohender Mangelern\u00e4hrung, insbesondere bei erh\u00f6htem Energie- und Eiwei\u00dfbedarf, limitierter Fl\u00fcssigkeitstoleranz oder Dysphagie.<\/p>\n","protected":false},"featured_media":62179,"template":"","meta":{"_acf_changed":false},"product_brand":[],"product_cat":[322],"product_tag":[],"class_list":{"0":"post-62177","1":"product","2":"type-product","3":"status-publish","4":"has-post-thumbnail","6":"product_cat-f","7":"pa_packungsgroesse-24-stueck","9":"first","10":"instock","11":"shipping-taxable","12":"purchasable","13":"product-type-simple"},"acf":[],"_links":{"self":[{"href":"https:\/\/www.hirtenberg-apotheke.at\/katalog\/wp-json\/wp\/v2\/product\/62177","targetHints":{"allow":["GET"]}}],"collection":[{"href":"https:\/\/www.hirtenberg-apotheke.at\/katalog\/wp-json\/wp\/v2\/product"}],"about":[{"href":"https:\/\/www.hirtenberg-apotheke.at\/katalog\/wp-json\/wp\/v2\/types\/product"}],"wp:featuredmedia":[{"embeddable":true,"href":"https:\/\/www.hirtenberg-apotheke.at\/katalog\/wp-json\/wp\/v2\/media\/62179"}],"wp:attachment":[{"href":"https:\/\/www.hirtenberg-apotheke.at\/katalog\/wp-json\/wp\/v2\/media?parent=62177"}],"wp:term":[{"taxonomy":"product_brand","embeddable":true,"href":"https:\/\/www.hirtenberg-apotheke.at\/katalog\/wp-json\/wp\/v2\/product_brand?post=62177"},{"taxonomy":"product_cat","embeddable":true,"href":"https:\/\/www.hirtenberg-apotheke.at\/katalog\/wp-json\/wp\/v2\/product_cat?post=62177"},{"taxonomy":"product_tag","embeddable":true,"href":"https:\/\/www.hirtenberg-apotheke.at\/katalog\/wp-json\/wp\/v2\/product_tag?post=62177"}],"curies":[{"name":"wp","href":"https:\/\/api.w.org\/{rel}","templated":true}]}}