{"id":62251,"date":"2025-11-26T19:44:32","date_gmt":"2025-11-26T18:44:32","guid":{"rendered":"https:\/\/www.hirtenberg-apotheke.at\/katalog\/produkt\/lysoform-aldasan-konzentrat\/"},"modified":"2025-11-26T19:44:50","modified_gmt":"2025-11-26T18:44:50","slug":"lysoform-aldasan-konzentrat","status":"publish","type":"product","link":"https:\/\/www.hirtenberg-apotheke.at\/katalog\/produkt\/lysoform-aldasan-konzentrat\/","title":{"rendered":"Lysoform Aldasan Konzentrat"},"content":{"rendered":"<p>Lysoform Aldasan Konzentrat ist ein fl\u00fcssiges Konzentrat, mit dem jede gew\u00fcnschte Gebrauchsverd\u00fcnnung durch Zugabe von Wasser hergestellt werden kann.<\/p>\n","protected":false},"excerpt":{"rendered":"<p>Lysoform Aldasan Konzentrat ist ein fl\u00fcssiges Konzentrat, mit dem jede gew\u00fcnschte Gebrauchsverd\u00fcnnung durch Zugabe von Wasser hergestellt werden kann.<\/p>\n","protected":false},"featured_media":62253,"template":"","meta":{"_acf_changed":false},"product_brand":[],"product_cat":[317],"product_tag":[],"class_list":{"0":"post-62251","1":"product","2":"type-product","3":"status-publish","4":"has-post-thumbnail","6":"product_cat-l","7":"pa_packungsgroesse-1l","9":"first","10":"instock","11":"shipping-taxable","12":"purchasable","13":"product-type-simple"},"acf":[],"_links":{"self":[{"href":"https:\/\/www.hirtenberg-apotheke.at\/katalog\/wp-json\/wp\/v2\/product\/62251","targetHints":{"allow":["GET"]}}],"collection":[{"href":"https:\/\/www.hirtenberg-apotheke.at\/katalog\/wp-json\/wp\/v2\/product"}],"about":[{"href":"https:\/\/www.hirtenberg-apotheke.at\/katalog\/wp-json\/wp\/v2\/types\/product"}],"wp:featuredmedia":[{"embeddable":true,"href":"https:\/\/www.hirtenberg-apotheke.at\/katalog\/wp-json\/wp\/v2\/media\/62253"}],"wp:attachment":[{"href":"https:\/\/www.hirtenberg-apotheke.at\/katalog\/wp-json\/wp\/v2\/media?parent=62251"}],"wp:term":[{"taxonomy":"product_brand","embeddable":true,"href":"https:\/\/www.hirtenberg-apotheke.at\/katalog\/wp-json\/wp\/v2\/product_brand?post=62251"},{"taxonomy":"product_cat","embeddable":true,"href":"https:\/\/www.hirtenberg-apotheke.at\/katalog\/wp-json\/wp\/v2\/product_cat?post=62251"},{"taxonomy":"product_tag","embeddable":true,"href":"https:\/\/www.hirtenberg-apotheke.at\/katalog\/wp-json\/wp\/v2\/product_tag?post=62251"}],"curies":[{"name":"wp","href":"https:\/\/api.w.org\/{rel}","templated":true}]}}