{"id":62264,"date":"2025-11-26T19:44:32","date_gmt":"2025-11-26T18:44:32","guid":{"rendered":"https:\/\/www.hirtenberg-apotheke.at\/katalog\/produkt\/zink-vitamin-c-kapseln-2\/"},"modified":"2025-11-26T19:45:10","modified_gmt":"2025-11-26T18:45:10","slug":"zink-vitamin-c-kapseln-2","status":"publish","type":"product","link":"https:\/\/www.hirtenberg-apotheke.at\/katalog\/produkt\/zink-vitamin-c-kapseln-2\/","title":{"rendered":"Zink + Vitamin C Kapseln"},"content":{"rendered":"<p>Gall Pharma Zink mit Vitamin C Kapseln enthalten 12 mg Zink in Form von gut verwertbarem Zinkgluconat und 150 mg Vitamin C in einer Hartgelatinekapsel. Das Spurenelement Zink und Vitamin C sind f\u00fcr ein funktionierendes Immunsystem notwendig. Sie mildern f\u00fcr Erk\u00e4ltungskrankheiten typische Leiden wie Husten, Schnupfen und Halsschmerzen<\/p>\n","protected":false},"excerpt":{"rendered":"<p>Gall Pharma Zink mit Vitamin C Kapseln enthalten 12 mg Zink in Form von gut verwertbarem Zinkgluconat und 150 mg Vitamin C in einer Hartgelatinekapsel. Das Spurenelement Zink und Vitamin C sind f\u00fcr ein funktionierendes Immunsystem notwendig. Sie mildern f\u00fcr Erk\u00e4ltungskrankheiten typische Leiden wie Husten, Schnupfen und Halsschmerzen<\/p>\n","protected":false},"featured_media":62266,"template":"","meta":{"_acf_changed":false},"product_brand":[316],"product_cat":[325],"product_tag":[],"class_list":{"0":"post-62264","1":"product","2":"type-product","3":"status-publish","4":"has-post-thumbnail","6":"product_brand-gall-pharma","7":"product_cat-z","8":"pa_packungsgroesse-120-stueck","10":"first","11":"instock","12":"shipping-taxable","13":"purchasable","14":"product-type-simple"},"acf":[],"_links":{"self":[{"href":"https:\/\/www.hirtenberg-apotheke.at\/katalog\/wp-json\/wp\/v2\/product\/62264","targetHints":{"allow":["GET"]}}],"collection":[{"href":"https:\/\/www.hirtenberg-apotheke.at\/katalog\/wp-json\/wp\/v2\/product"}],"about":[{"href":"https:\/\/www.hirtenberg-apotheke.at\/katalog\/wp-json\/wp\/v2\/types\/product"}],"wp:featuredmedia":[{"embeddable":true,"href":"https:\/\/www.hirtenberg-apotheke.at\/katalog\/wp-json\/wp\/v2\/media\/62266"}],"wp:attachment":[{"href":"https:\/\/www.hirtenberg-apotheke.at\/katalog\/wp-json\/wp\/v2\/media?parent=62264"}],"wp:term":[{"taxonomy":"product_brand","embeddable":true,"href":"https:\/\/www.hirtenberg-apotheke.at\/katalog\/wp-json\/wp\/v2\/product_brand?post=62264"},{"taxonomy":"product_cat","embeddable":true,"href":"https:\/\/www.hirtenberg-apotheke.at\/katalog\/wp-json\/wp\/v2\/product_cat?post=62264"},{"taxonomy":"product_tag","embeddable":true,"href":"https:\/\/www.hirtenberg-apotheke.at\/katalog\/wp-json\/wp\/v2\/product_tag?post=62264"}],"curies":[{"name":"wp","href":"https:\/\/api.w.org\/{rel}","templated":true}]}}