{"id":62279,"date":"2025-11-26T19:45:13","date_gmt":"2025-11-26T18:45:13","guid":{"rendered":"https:\/\/www.hirtenberg-apotheke.at\/katalog\/produkt\/bios-ornithin-400-mg-kapseln\/"},"modified":"2025-11-26T19:45:40","modified_gmt":"2025-11-26T18:45:40","slug":"bios-ornithin-400-mg-kapseln","status":"publish","type":"product","link":"https:\/\/www.hirtenberg-apotheke.at\/katalog\/produkt\/bios-ornithin-400-mg-kapseln\/","title":{"rendered":"Bios Ornithin 400 mg Kapseln"},"content":{"rendered":"<p>Bios Ornithin 400 mg Kapseln enthalten 400 mg L-Ornithinmonohydrochlorid in einer Hartgelatinekapsel. L-Ornithin ist eine freie Aminos\u00e4ure. Sie geh\u00f6rt zur Gruppe der nicht-essentiellen Aminos\u00e4uren. Diese Aminos\u00e4ure ist ein Zwischenprodukt, das im Leberstoffwechsel aus L-Arginin entsteht.<\/p>\n","protected":false},"excerpt":{"rendered":"<p>Bios Ornithin 400 mg Kapseln enthalten 400 mg L-Ornithinmonohydrochlorid in einer Hartgelatinekapsel. L-Ornithin ist eine freie Aminos\u00e4ure. Sie geh\u00f6rt zur Gruppe der nicht-essentiellen Aminos\u00e4uren. Diese Aminos\u00e4ure ist ein Zwischenprodukt, das im Leberstoffwechsel aus L-Arginin entsteht.<\/p>\n","protected":false},"featured_media":62281,"template":"","meta":{"_acf_changed":false},"product_brand":[],"product_cat":[292],"product_tag":[],"class_list":{"0":"post-62279","1":"product","2":"type-product","3":"status-publish","4":"has-post-thumbnail","6":"product_cat-b","7":"pa_packungsgroesse-100-stueck","9":"first","10":"instock","11":"shipping-taxable","12":"purchasable","13":"product-type-simple"},"acf":[],"_links":{"self":[{"href":"https:\/\/www.hirtenberg-apotheke.at\/katalog\/wp-json\/wp\/v2\/product\/62279","targetHints":{"allow":["GET"]}}],"collection":[{"href":"https:\/\/www.hirtenberg-apotheke.at\/katalog\/wp-json\/wp\/v2\/product"}],"about":[{"href":"https:\/\/www.hirtenberg-apotheke.at\/katalog\/wp-json\/wp\/v2\/types\/product"}],"wp:featuredmedia":[{"embeddable":true,"href":"https:\/\/www.hirtenberg-apotheke.at\/katalog\/wp-json\/wp\/v2\/media\/62281"}],"wp:attachment":[{"href":"https:\/\/www.hirtenberg-apotheke.at\/katalog\/wp-json\/wp\/v2\/media?parent=62279"}],"wp:term":[{"taxonomy":"product_brand","embeddable":true,"href":"https:\/\/www.hirtenberg-apotheke.at\/katalog\/wp-json\/wp\/v2\/product_brand?post=62279"},{"taxonomy":"product_cat","embeddable":true,"href":"https:\/\/www.hirtenberg-apotheke.at\/katalog\/wp-json\/wp\/v2\/product_cat?post=62279"},{"taxonomy":"product_tag","embeddable":true,"href":"https:\/\/www.hirtenberg-apotheke.at\/katalog\/wp-json\/wp\/v2\/product_tag?post=62279"}],"curies":[{"name":"wp","href":"https:\/\/api.w.org\/{rel}","templated":true}]}}