{"id":62313,"date":"2025-11-26T19:45:53","date_gmt":"2025-11-26T18:45:53","guid":{"rendered":"https:\/\/www.hirtenberg-apotheke.at\/katalog\/produkt\/life-light-schwarzkuemmel-plus-kapseln-90-stk\/"},"modified":"2025-11-26T19:46:03","modified_gmt":"2025-11-26T18:46:03","slug":"life-light-schwarzkuemmel-plus-kapseln-90-stk","status":"publish","type":"product","link":"https:\/\/www.hirtenberg-apotheke.at\/katalog\/produkt\/life-light-schwarzkuemmel-plus-kapseln-90-stk\/","title":{"rendered":"Life Light Schwarzk\u00fcmmel Plus Kapseln 90 Stk."},"content":{"rendered":"<p>Schwarzk\u00fcmmel Plus Kapseln Life Light enth\u00e4lt nur hochwertiges, kaltgepresstes \u00d6l aus echtem Schwarzk\u00fcmmel. Durch die Kaltpressung bleiben seine wertvollen nat\u00fcrlichen Inhaltsstoffe wie Thymoquinon, ?-Heridin und \u00e4therischen \u00d6le erhalten. Es ist zudem reich an Vitamin E, welches dazu betr\u00e4gt, die Zellen zu sch\u00fctzen.<\/p>\n","protected":false},"excerpt":{"rendered":"<p>Schwarzk\u00fcmmel Plus Kapseln Life Light enth\u00e4lt nur hochwertiges, kaltgepresstes \u00d6l aus echtem Schwarzk\u00fcmmel. Durch die Kaltpressung bleiben seine wertvollen nat\u00fcrlichen Inhaltsstoffe wie Thymoquinon, ?-Heridin und \u00e4therischen \u00d6le erhalten. Es ist zudem reich an Vitamin E, welches dazu betr\u00e4gt, die Zellen zu sch\u00fctzen.<\/p>\n","protected":false},"featured_media":0,"template":"","meta":{"_acf_changed":false},"product_brand":[],"product_cat":[317],"product_tag":[],"class_list":{"0":"post-62313","1":"product","2":"type-product","3":"status-publish","5":"product_cat-l","6":"pa_packungsgroesse-90-stueck","8":"first","9":"instock","10":"shipping-taxable","11":"purchasable","12":"product-type-simple"},"acf":[],"_links":{"self":[{"href":"https:\/\/www.hirtenberg-apotheke.at\/katalog\/wp-json\/wp\/v2\/product\/62313","targetHints":{"allow":["GET"]}}],"collection":[{"href":"https:\/\/www.hirtenberg-apotheke.at\/katalog\/wp-json\/wp\/v2\/product"}],"about":[{"href":"https:\/\/www.hirtenberg-apotheke.at\/katalog\/wp-json\/wp\/v2\/types\/product"}],"wp:attachment":[{"href":"https:\/\/www.hirtenberg-apotheke.at\/katalog\/wp-json\/wp\/v2\/media?parent=62313"}],"wp:term":[{"taxonomy":"product_brand","embeddable":true,"href":"https:\/\/www.hirtenberg-apotheke.at\/katalog\/wp-json\/wp\/v2\/product_brand?post=62313"},{"taxonomy":"product_cat","embeddable":true,"href":"https:\/\/www.hirtenberg-apotheke.at\/katalog\/wp-json\/wp\/v2\/product_cat?post=62313"},{"taxonomy":"product_tag","embeddable":true,"href":"https:\/\/www.hirtenberg-apotheke.at\/katalog\/wp-json\/wp\/v2\/product_tag?post=62313"}],"curies":[{"name":"wp","href":"https:\/\/api.w.org\/{rel}","templated":true}]}}