{"id":62323,"date":"2025-11-26T19:45:53","date_gmt":"2025-11-26T18:45:53","guid":{"rendered":"https:\/\/www.hirtenberg-apotheke.at\/katalog\/produkt\/cystus-creme-50-ml\/"},"modified":"2025-11-26T19:46:14","modified_gmt":"2025-11-26T18:46:14","slug":"cystus-creme-50-ml","status":"publish","type":"product","link":"https:\/\/www.hirtenberg-apotheke.at\/katalog\/produkt\/cystus-creme-50-ml\/","title":{"rendered":"Cystus Creme 50 ml"},"content":{"rendered":"<p>Cystus Creme enth\u00e4lt den bew\u00e4hrten, in seiner Wirkung vielfach untersuchten Cystus052-Extrakt. Dieser wirkt sich wohltuend f\u00fcr Hals und Rachen aus.<\/p>\n","protected":false},"excerpt":{"rendered":"<p>Cystus Creme enth\u00e4lt den bew\u00e4hrten, in seiner Wirkung vielfach untersuchten Cystus052-Extrakt. Dieser wirkt sich wohltuend f\u00fcr Hals und Rachen aus.<\/p>\n","protected":false},"featured_media":0,"template":"","meta":{"_acf_changed":false},"product_brand":[],"product_cat":[337],"product_tag":[],"class_list":{"0":"post-62323","1":"product","2":"type-product","3":"status-publish","5":"product_cat-c","6":"pa_packungsgroesse-50ml","8":"first","9":"instock","10":"shipping-taxable","11":"purchasable","12":"product-type-simple"},"acf":[],"_links":{"self":[{"href":"https:\/\/www.hirtenberg-apotheke.at\/katalog\/wp-json\/wp\/v2\/product\/62323","targetHints":{"allow":["GET"]}}],"collection":[{"href":"https:\/\/www.hirtenberg-apotheke.at\/katalog\/wp-json\/wp\/v2\/product"}],"about":[{"href":"https:\/\/www.hirtenberg-apotheke.at\/katalog\/wp-json\/wp\/v2\/types\/product"}],"wp:attachment":[{"href":"https:\/\/www.hirtenberg-apotheke.at\/katalog\/wp-json\/wp\/v2\/media?parent=62323"}],"wp:term":[{"taxonomy":"product_brand","embeddable":true,"href":"https:\/\/www.hirtenberg-apotheke.at\/katalog\/wp-json\/wp\/v2\/product_brand?post=62323"},{"taxonomy":"product_cat","embeddable":true,"href":"https:\/\/www.hirtenberg-apotheke.at\/katalog\/wp-json\/wp\/v2\/product_cat?post=62323"},{"taxonomy":"product_tag","embeddable":true,"href":"https:\/\/www.hirtenberg-apotheke.at\/katalog\/wp-json\/wp\/v2\/product_tag?post=62323"}],"curies":[{"name":"wp","href":"https:\/\/api.w.org\/{rel}","templated":true}]}}