{"id":62327,"date":"2025-11-26T19:46:15","date_gmt":"2025-11-26T18:46:15","guid":{"rendered":"https:\/\/www.hirtenberg-apotheke.at\/katalog\/produkt\/madara-age-protecting-sunscreen-spf30-gesicht-40-ml\/"},"modified":"2025-11-26T19:46:20","modified_gmt":"2025-11-26T18:46:20","slug":"madara-age-protecting-sunscreen-spf30-gesicht-40-ml","status":"publish","type":"product","link":"https:\/\/www.hirtenberg-apotheke.at\/katalog\/produkt\/madara-age-protecting-sunscreen-spf30-gesicht-40-ml\/","title":{"rendered":"Madara Age Protecting Sunscreen SPF30 Gesicht 40 ml"},"content":{"rendered":"<p>M\u00e1dara Age Protecting Sunscreen SPF30 Gesicht 40 ml mit der ultra-leichten, sanft get\u00f6nten Textur gew\u00e4hrleistet einen ausgezeichneten UVA\/UVB Schutz mit einem unsichtbaren, makellosen Finish. Die innovative SPF30 Formel mit zum Patent angemeldeten Stammzellen aus dem nordischen Drachenkopf versorgt die Haut mit Antioxidantien und sch\u00fctzt sie vor Luftverschmutzung und allen Arten der Sonnensch\u00e4digung wie Trockenheit, F\u00e4ltchen, Pigmentflecken, dunkle Flecken und Volumenverlust  &#8211; Wir bieten Ihnen das Sortiment einer Standortapotheke, direkt zu Ihnen nach Hause geliefert!<\/p>\n","protected":false},"excerpt":{"rendered":"<p>M\u00e1dara Age Protecting Sunscreen SPF30 Gesicht 40 ml mit der ultra-leichten, sanft get\u00f6nten Textur gew\u00e4hrleistet einen ausgezeichneten UVA\/UVB Schutz mit einem unsichtbaren, makellosen Finish. Die innovative SPF30 Formel mit zum Patent angemeldeten Stammzellen aus dem nordischen Drachenkopf versorgt die Haut mit Antioxidantien und sch\u00fctzt sie vor Luftverschmutzung und allen Arten der Sonnensch\u00e4digung wie Trockenheit, F\u00e4ltchen, [&hellip;]<\/p>\n","protected":false},"featured_media":62329,"template":"","meta":{"_acf_changed":false},"product_brand":[1240],"product_cat":[308],"product_tag":[],"class_list":{"0":"post-62327","1":"product","2":"type-product","3":"status-publish","4":"has-post-thumbnail","6":"product_brand-madara","7":"product_cat-m","8":"pa_packungsgroesse-40ml","10":"first","11":"instock","12":"shipping-taxable","13":"purchasable","14":"product-type-simple"},"acf":[],"_links":{"self":[{"href":"https:\/\/www.hirtenberg-apotheke.at\/katalog\/wp-json\/wp\/v2\/product\/62327","targetHints":{"allow":["GET"]}}],"collection":[{"href":"https:\/\/www.hirtenberg-apotheke.at\/katalog\/wp-json\/wp\/v2\/product"}],"about":[{"href":"https:\/\/www.hirtenberg-apotheke.at\/katalog\/wp-json\/wp\/v2\/types\/product"}],"wp:featuredmedia":[{"embeddable":true,"href":"https:\/\/www.hirtenberg-apotheke.at\/katalog\/wp-json\/wp\/v2\/media\/62329"}],"wp:attachment":[{"href":"https:\/\/www.hirtenberg-apotheke.at\/katalog\/wp-json\/wp\/v2\/media?parent=62327"}],"wp:term":[{"taxonomy":"product_brand","embeddable":true,"href":"https:\/\/www.hirtenberg-apotheke.at\/katalog\/wp-json\/wp\/v2\/product_brand?post=62327"},{"taxonomy":"product_cat","embeddable":true,"href":"https:\/\/www.hirtenberg-apotheke.at\/katalog\/wp-json\/wp\/v2\/product_cat?post=62327"},{"taxonomy":"product_tag","embeddable":true,"href":"https:\/\/www.hirtenberg-apotheke.at\/katalog\/wp-json\/wp\/v2\/product_tag?post=62327"}],"curies":[{"name":"wp","href":"https:\/\/api.w.org\/{rel}","templated":true}]}}