{"id":62335,"date":"2025-11-26T19:46:15","date_gmt":"2025-11-26T18:46:15","guid":{"rendered":"https:\/\/www.hirtenberg-apotheke.at\/katalog\/produkt\/cool-safe-med-kuehltasche-1-stk-basic\/"},"modified":"2025-11-26T19:46:24","modified_gmt":"2025-11-26T18:46:24","slug":"cool-safe-med-kuehltasche-1-stk-basic","status":"publish","type":"product","link":"https:\/\/www.hirtenberg-apotheke.at\/katalog\/produkt\/cool-safe-med-kuehltasche-1-stk-basic\/","title":{"rendered":"Cool Safe Med. K\u00fchltasche 1 Stk. Basic"},"content":{"rendered":"<p>Cool Safe Med. K\u00fchltasche sorgt daf\u00fcr, dass k\u00fchl(ketten)pflichtige Medikamente stundenlang k\u00fchl bleiben . Gleichzeitig werden Arzneimittel auch optimal vor k\u00fchlakkubedingtem Einfrieren gesch\u00fctzt. Hohe Qualit\u00e4t, sowie Funktionalit\u00e4t und stilvolles Aussehen zeichnen die Cool Safe-K\u00fchltasche aus. Mit ihrem geringen Gewicht ist sie sehr handlich und l\u00e4sst sich bequem \u00fcberall mit hinnehmen.<\/p>\n","protected":false},"excerpt":{"rendered":"<p>Cool Safe Med. K\u00fchltasche sorgt daf\u00fcr, dass k\u00fchl(ketten)pflichtige Medikamente stundenlang k\u00fchl bleiben . Gleichzeitig werden Arzneimittel auch optimal vor k\u00fchlakkubedingtem Einfrieren gesch\u00fctzt. Hohe Qualit\u00e4t, sowie Funktionalit\u00e4t und stilvolles Aussehen zeichnen die Cool Safe-K\u00fchltasche aus. Mit ihrem geringen Gewicht ist sie sehr handlich und l\u00e4sst sich bequem \u00fcberall mit hinnehmen.<\/p>\n","protected":false},"featured_media":0,"template":"","meta":{"_acf_changed":false},"product_brand":[],"product_cat":[337],"product_tag":[],"class_list":{"0":"post-62335","1":"product","2":"type-product","3":"status-publish","5":"product_cat-c","6":"pa_packungsgroesse-1-stueck","8":"first","9":"instock","10":"shipping-taxable","11":"purchasable","12":"product-type-simple"},"acf":[],"_links":{"self":[{"href":"https:\/\/www.hirtenberg-apotheke.at\/katalog\/wp-json\/wp\/v2\/product\/62335","targetHints":{"allow":["GET"]}}],"collection":[{"href":"https:\/\/www.hirtenberg-apotheke.at\/katalog\/wp-json\/wp\/v2\/product"}],"about":[{"href":"https:\/\/www.hirtenberg-apotheke.at\/katalog\/wp-json\/wp\/v2\/types\/product"}],"wp:attachment":[{"href":"https:\/\/www.hirtenberg-apotheke.at\/katalog\/wp-json\/wp\/v2\/media?parent=62335"}],"wp:term":[{"taxonomy":"product_brand","embeddable":true,"href":"https:\/\/www.hirtenberg-apotheke.at\/katalog\/wp-json\/wp\/v2\/product_brand?post=62335"},{"taxonomy":"product_cat","embeddable":true,"href":"https:\/\/www.hirtenberg-apotheke.at\/katalog\/wp-json\/wp\/v2\/product_cat?post=62335"},{"taxonomy":"product_tag","embeddable":true,"href":"https:\/\/www.hirtenberg-apotheke.at\/katalog\/wp-json\/wp\/v2\/product_tag?post=62335"}],"curies":[{"name":"wp","href":"https:\/\/api.w.org\/{rel}","templated":true}]}}