{"id":62364,"date":"2025-11-26T19:46:56","date_gmt":"2025-11-26T18:46:56","guid":{"rendered":"https:\/\/www.hirtenberg-apotheke.at\/katalog\/produkt\/australische-buschbluetenessenz-abund-30-ml\/"},"modified":"2025-11-26T19:47:03","modified_gmt":"2025-11-26T18:47:03","slug":"australische-buschbluetenessenz-abund-30-ml","status":"publish","type":"product","link":"https:\/\/www.hirtenberg-apotheke.at\/katalog\/produkt\/australische-buschbluetenessenz-abund-30-ml\/","title":{"rendered":"Australische Buschbl\u00fctenessenz Abund 30 ml"},"content":{"rendered":"<p>Australische Buschbl\u00fctenessenz Abund hilft, negative Glaubenss\u00e4tze, Familienmuster, Selbstsabotage-Programme und die Angst vor dem Mangel loszulassen. Dabei erm\u00f6glicht uns die Essenz, uns f\u00fcr Wohlstand auf allen Ebenen zu \u00f6ffnen, nicht nur im finanziellen Bereich.<\/p>\n","protected":false},"excerpt":{"rendered":"<p>Australische Buschbl\u00fctenessenz Abund hilft, negative Glaubenss\u00e4tze, Familienmuster, Selbstsabotage-Programme und die Angst vor dem Mangel loszulassen. Dabei erm\u00f6glicht uns die Essenz, uns f\u00fcr Wohlstand auf allen Ebenen zu \u00f6ffnen, nicht nur im finanziellen Bereich.<\/p>\n","protected":false},"featured_media":0,"template":"","meta":{"_acf_changed":false},"product_brand":[922],"product_cat":[299],"product_tag":[],"class_list":{"0":"post-62364","1":"product","2":"type-product","3":"status-publish","5":"product_brand-australische-buschblueten","6":"product_cat-a","7":"pa_packungsgroesse-30ml","9":"first","10":"instock","11":"shipping-taxable","12":"purchasable","13":"product-type-simple"},"acf":[],"_links":{"self":[{"href":"https:\/\/www.hirtenberg-apotheke.at\/katalog\/wp-json\/wp\/v2\/product\/62364","targetHints":{"allow":["GET"]}}],"collection":[{"href":"https:\/\/www.hirtenberg-apotheke.at\/katalog\/wp-json\/wp\/v2\/product"}],"about":[{"href":"https:\/\/www.hirtenberg-apotheke.at\/katalog\/wp-json\/wp\/v2\/types\/product"}],"wp:attachment":[{"href":"https:\/\/www.hirtenberg-apotheke.at\/katalog\/wp-json\/wp\/v2\/media?parent=62364"}],"wp:term":[{"taxonomy":"product_brand","embeddable":true,"href":"https:\/\/www.hirtenberg-apotheke.at\/katalog\/wp-json\/wp\/v2\/product_brand?post=62364"},{"taxonomy":"product_cat","embeddable":true,"href":"https:\/\/www.hirtenberg-apotheke.at\/katalog\/wp-json\/wp\/v2\/product_cat?post=62364"},{"taxonomy":"product_tag","embeddable":true,"href":"https:\/\/www.hirtenberg-apotheke.at\/katalog\/wp-json\/wp\/v2\/product_tag?post=62364"}],"curies":[{"name":"wp","href":"https:\/\/api.w.org\/{rel}","templated":true}]}}