{"id":62496,"date":"2025-11-26T19:49:26","date_gmt":"2025-11-26T18:49:26","guid":{"rendered":"https:\/\/www.hirtenberg-apotheke.at\/katalog\/produkt\/salus-vitamin-b-komplex-kapseln-60-stk\/"},"modified":"2025-11-26T19:49:34","modified_gmt":"2025-11-26T18:49:34","slug":"salus-vitamin-b-komplex-kapseln-60-stk","status":"publish","type":"product","link":"https:\/\/www.hirtenberg-apotheke.at\/katalog\/produkt\/salus-vitamin-b-komplex-kapseln-60-stk\/","title":{"rendered":"Salus Vitamin-B-Komplex Kapseln 60 Stk."},"content":{"rendered":"<p>Vitamine des B-Komplexes sind an einer Vielzahl wichtiger Stoffwechselvorg\u00e4nge im K\u00f6rper beteiligt und tragen ma\u00dfgeblich zum geistigen und k\u00f6rperlichen Wohlbefinden bei. Salus Vitamin-B-Komplex Kapseln &#8211; f\u00fcr Nerven und Energie!.<\/p>\n","protected":false},"excerpt":{"rendered":"<p>Vitamine des B-Komplexes sind an einer Vielzahl wichtiger Stoffwechselvorg\u00e4nge im K\u00f6rper beteiligt und tragen ma\u00dfgeblich zum geistigen und k\u00f6rperlichen Wohlbefinden bei. Salus Vitamin-B-Komplex Kapseln &#8211; f\u00fcr Nerven und Energie!.<\/p>\n","protected":false},"featured_media":0,"template":"","meta":{"_acf_changed":false},"product_brand":[],"product_cat":[303],"product_tag":[],"class_list":{"0":"post-62496","1":"product","2":"type-product","3":"status-publish","5":"product_cat-s","6":"pa_packungsgroesse-60-stueck","8":"first","9":"instock","10":"shipping-taxable","11":"purchasable","12":"product-type-simple"},"acf":[],"_links":{"self":[{"href":"https:\/\/www.hirtenberg-apotheke.at\/katalog\/wp-json\/wp\/v2\/product\/62496","targetHints":{"allow":["GET"]}}],"collection":[{"href":"https:\/\/www.hirtenberg-apotheke.at\/katalog\/wp-json\/wp\/v2\/product"}],"about":[{"href":"https:\/\/www.hirtenberg-apotheke.at\/katalog\/wp-json\/wp\/v2\/types\/product"}],"wp:attachment":[{"href":"https:\/\/www.hirtenberg-apotheke.at\/katalog\/wp-json\/wp\/v2\/media?parent=62496"}],"wp:term":[{"taxonomy":"product_brand","embeddable":true,"href":"https:\/\/www.hirtenberg-apotheke.at\/katalog\/wp-json\/wp\/v2\/product_brand?post=62496"},{"taxonomy":"product_cat","embeddable":true,"href":"https:\/\/www.hirtenberg-apotheke.at\/katalog\/wp-json\/wp\/v2\/product_cat?post=62496"},{"taxonomy":"product_tag","embeddable":true,"href":"https:\/\/www.hirtenberg-apotheke.at\/katalog\/wp-json\/wp\/v2\/product_tag?post=62496"}],"curies":[{"name":"wp","href":"https:\/\/api.w.org\/{rel}","templated":true}]}}