{"id":62689,"date":"2025-11-26T19:52:56","date_gmt":"2025-11-26T18:52:56","guid":{"rendered":"https:\/\/www.hirtenberg-apotheke.at\/katalog\/produkt\/herome-natural-nail-whitener-10-ml\/"},"modified":"2025-11-26T19:53:03","modified_gmt":"2025-11-26T18:53:03","slug":"herome-natural-nail-whitener-10-ml","status":"publish","type":"product","link":"https:\/\/www.hirtenberg-apotheke.at\/katalog\/produkt\/herome-natural-nail-whitener-10-ml\/","title":{"rendered":"Herome Natural Nail Whitener 10 ml"},"content":{"rendered":"<p>Der Herome Natural Nail Whitener ist ein transparenter Nagellack, der zur Abdeckung von Nagelverf\u00e4rbungen dient. Der Nagelaufheller hebt das nat\u00fcrliche Rosa der Nageloberfl\u00e4che hervor, verst\u00e4rkt die Wei\u00dff\u00e4rbung der Nagelr\u00e4nder und hinterl\u00e4sst einen strahlenden Glanz. Das Ergebnis ist in nur 1 Minute sichtbar<\/p>\n","protected":false},"excerpt":{"rendered":"<p>Der Herome Natural Nail Whitener ist ein transparenter Nagellack, der zur Abdeckung von Nagelverf\u00e4rbungen dient. Der Nagelaufheller hebt das nat\u00fcrliche Rosa der Nageloberfl\u00e4che hervor, verst\u00e4rkt die Wei\u00dff\u00e4rbung der Nagelr\u00e4nder und hinterl\u00e4sst einen strahlenden Glanz. Das Ergebnis ist in nur 1 Minute sichtbar<\/p>\n","protected":false},"featured_media":0,"template":"","meta":{"_acf_changed":false},"product_brand":[],"product_cat":[330],"product_tag":[],"class_list":{"0":"post-62689","1":"product","2":"type-product","3":"status-publish","5":"product_cat-h","6":"pa_packungsgroesse-10ml","8":"first","9":"instock","10":"shipping-taxable","11":"purchasable","12":"product-type-simple"},"acf":[],"_links":{"self":[{"href":"https:\/\/www.hirtenberg-apotheke.at\/katalog\/wp-json\/wp\/v2\/product\/62689","targetHints":{"allow":["GET"]}}],"collection":[{"href":"https:\/\/www.hirtenberg-apotheke.at\/katalog\/wp-json\/wp\/v2\/product"}],"about":[{"href":"https:\/\/www.hirtenberg-apotheke.at\/katalog\/wp-json\/wp\/v2\/types\/product"}],"wp:attachment":[{"href":"https:\/\/www.hirtenberg-apotheke.at\/katalog\/wp-json\/wp\/v2\/media?parent=62689"}],"wp:term":[{"taxonomy":"product_brand","embeddable":true,"href":"https:\/\/www.hirtenberg-apotheke.at\/katalog\/wp-json\/wp\/v2\/product_brand?post=62689"},{"taxonomy":"product_cat","embeddable":true,"href":"https:\/\/www.hirtenberg-apotheke.at\/katalog\/wp-json\/wp\/v2\/product_cat?post=62689"},{"taxonomy":"product_tag","embeddable":true,"href":"https:\/\/www.hirtenberg-apotheke.at\/katalog\/wp-json\/wp\/v2\/product_tag?post=62689"}],"curies":[{"name":"wp","href":"https:\/\/api.w.org\/{rel}","templated":true}]}}