{"id":62759,"date":"2025-11-26T19:53:43","date_gmt":"2025-11-26T18:53:43","guid":{"rendered":"https:\/\/www.hirtenberg-apotheke.at\/katalog\/produkt\/gall-pharma-omega-3-1000-mg-400-200-kapseln-30-stk\/"},"modified":"2025-11-26T19:54:23","modified_gmt":"2025-11-26T18:54:23","slug":"gall-pharma-omega-3-1000-mg-400-200-kapseln-30-stk","status":"publish","type":"product","link":"https:\/\/www.hirtenberg-apotheke.at\/katalog\/produkt\/gall-pharma-omega-3-1000-mg-400-200-kapseln-30-stk\/","title":{"rendered":"Gall Pharma Omega 3 1000 mg 400\/200 Kapseln 30 Stk."},"content":{"rendered":"<p>Omega-3-Fetts\u00e4uren kommen zun\u00e4chst im Plankton, dem Nahrungsmittel von Fischen vor. Seefische reichern sich durch diese Ern\u00e4hrung mit langkettigen Fetts\u00e4uren im Fischfleisch (Filet) an. Besonders fette Fische wie Makrelen, Heringe, Wildlachs und Thunfisch sind reich an Omega-3-Fetts\u00e4uren. Die beiden wichtigsten Omega-3-Fetts\u00e4uren sind Eicosapentaens\u00e4ure (EPA) und Docosahexaens\u00e4ure (DHA). Das Verh\u00e4ltnis dieser beiden S\u00e4uren ist beim Fisch ungef\u00e4hr 1,5:1. Omega-3 bedeutet, dass die letzte Doppelbindung in der mehrfach unges\u00e4ttigten Kohlenstoffkette der Fetts\u00e4ure bei der drittletzten Kohlenstoff Bindung vorliegt. Omega (\u03c9) ist der letzte Buchstabe des griechischen Alphabets und bezeichnet das Ende der Kohlenstoffkette. Omega 3 1000 mg 400\/200 GPH Kapseln enthalten 1000 mg Fisch\u00f6lkonzentrat entsprechend 400 mg Eicosapentaens\u00e4ure (EPA \u03c9-3) und 200 mg Docosahexaens\u00e4ure (DHA = \u03c9-3) in einer Weichgelatinekapsel. Durch die Aufnahme \u00fcber die Mutter tr\u00e4gt Docosahexaens\u00e4ure (DHA) zur normalen Entwicklung der Augen beim F\u00f6tus und beim gestillten S\u00e4ugling bei sowie zur  normalen Entwicklung des Gehirns.<\/p>\n","protected":false},"excerpt":{"rendered":"<p>Omega-3-Fetts\u00e4uren kommen zun\u00e4chst im Plankton, dem Nahrungsmittel von Fischen vor. Seefische reichern sich durch diese Ern\u00e4hrung mit langkettigen Fetts\u00e4uren im Fischfleisch (Filet) an. Besonders fette Fische wie Makrelen, Heringe, Wildlachs und Thunfisch sind reich an Omega-3-Fetts\u00e4uren. Die beiden wichtigsten Omega-3-Fetts\u00e4uren sind Eicosapentaens\u00e4ure (EPA) und Docosahexaens\u00e4ure (DHA). Das Verh\u00e4ltnis dieser beiden S\u00e4uren ist beim Fisch ungef\u00e4hr [&hellip;]<\/p>\n","protected":false},"featured_media":62761,"template":"","meta":{"_acf_changed":false},"product_brand":[316],"product_cat":[328],"product_tag":[],"class_list":{"0":"post-62759","1":"product","2":"type-product","3":"status-publish","4":"has-post-thumbnail","6":"product_brand-gall-pharma","7":"product_cat-g","8":"pa_packungsgroesse-30-stueck","10":"first","11":"instock","12":"shipping-taxable","13":"purchasable","14":"product-type-simple"},"acf":[],"_links":{"self":[{"href":"https:\/\/www.hirtenberg-apotheke.at\/katalog\/wp-json\/wp\/v2\/product\/62759","targetHints":{"allow":["GET"]}}],"collection":[{"href":"https:\/\/www.hirtenberg-apotheke.at\/katalog\/wp-json\/wp\/v2\/product"}],"about":[{"href":"https:\/\/www.hirtenberg-apotheke.at\/katalog\/wp-json\/wp\/v2\/types\/product"}],"wp:featuredmedia":[{"embeddable":true,"href":"https:\/\/www.hirtenberg-apotheke.at\/katalog\/wp-json\/wp\/v2\/media\/62761"}],"wp:attachment":[{"href":"https:\/\/www.hirtenberg-apotheke.at\/katalog\/wp-json\/wp\/v2\/media?parent=62759"}],"wp:term":[{"taxonomy":"product_brand","embeddable":true,"href":"https:\/\/www.hirtenberg-apotheke.at\/katalog\/wp-json\/wp\/v2\/product_brand?post=62759"},{"taxonomy":"product_cat","embeddable":true,"href":"https:\/\/www.hirtenberg-apotheke.at\/katalog\/wp-json\/wp\/v2\/product_cat?post=62759"},{"taxonomy":"product_tag","embeddable":true,"href":"https:\/\/www.hirtenberg-apotheke.at\/katalog\/wp-json\/wp\/v2\/product_tag?post=62759"}],"curies":[{"name":"wp","href":"https:\/\/api.w.org\/{rel}","templated":true}]}}