{"id":62901,"date":"2025-11-26T19:56:36","date_gmt":"2025-11-26T18:56:36","guid":{"rendered":"https:\/\/www.hirtenberg-apotheke.at\/katalog\/produkt\/darphin-ideal-resource-micro-refining-smoothing-fluid-50-ml\/"},"modified":"2025-11-26T19:57:13","modified_gmt":"2025-11-26T18:57:13","slug":"darphin-ideal-resource-micro-refining-smoothing-fluid-50-ml","status":"publish","type":"product","link":"https:\/\/www.hirtenberg-apotheke.at\/katalog\/produkt\/darphin-ideal-resource-micro-refining-smoothing-fluid-50-ml\/","title":{"rendered":"Darphin Ideal Resource Micro-Refining Smoothing Fluid 50 ml"},"content":{"rendered":"<p>Ideal Resource Micro-Refining Smoothing Fluid ist ein mikro-verfeinerndes Fluid mit kraftvollem Pflanzen-Trio: Japanischer Staudenkn\u00f6terich, Tigergras und Wei\u00dfer Hibiskus verleihen ein sp\u00fcrbar intensiver strahlendes, glatteres Hautbild, vermindern Poren und reduzieren feine Linien sowie Falten.<\/p>\n","protected":false},"excerpt":{"rendered":"<p>Ideal Resource Micro-Refining Smoothing Fluid ist ein mikro-verfeinerndes Fluid mit kraftvollem Pflanzen-Trio: Japanischer Staudenkn\u00f6terich, Tigergras und Wei\u00dfer Hibiskus verleihen ein sp\u00fcrbar intensiver strahlendes, glatteres Hautbild, vermindern Poren und reduzieren feine Linien sowie Falten.<\/p>\n","protected":false},"featured_media":62903,"template":"","meta":{"_acf_changed":false},"product_brand":[],"product_cat":[295],"product_tag":[],"class_list":{"0":"post-62901","1":"product","2":"type-product","3":"status-publish","4":"has-post-thumbnail","6":"product_cat-d","7":"pa_packungsgroesse-50ml","9":"first","10":"instock","11":"shipping-taxable","12":"purchasable","13":"product-type-simple"},"acf":[],"_links":{"self":[{"href":"https:\/\/www.hirtenberg-apotheke.at\/katalog\/wp-json\/wp\/v2\/product\/62901","targetHints":{"allow":["GET"]}}],"collection":[{"href":"https:\/\/www.hirtenberg-apotheke.at\/katalog\/wp-json\/wp\/v2\/product"}],"about":[{"href":"https:\/\/www.hirtenberg-apotheke.at\/katalog\/wp-json\/wp\/v2\/types\/product"}],"wp:featuredmedia":[{"embeddable":true,"href":"https:\/\/www.hirtenberg-apotheke.at\/katalog\/wp-json\/wp\/v2\/media\/62903"}],"wp:attachment":[{"href":"https:\/\/www.hirtenberg-apotheke.at\/katalog\/wp-json\/wp\/v2\/media?parent=62901"}],"wp:term":[{"taxonomy":"product_brand","embeddable":true,"href":"https:\/\/www.hirtenberg-apotheke.at\/katalog\/wp-json\/wp\/v2\/product_brand?post=62901"},{"taxonomy":"product_cat","embeddable":true,"href":"https:\/\/www.hirtenberg-apotheke.at\/katalog\/wp-json\/wp\/v2\/product_cat?post=62901"},{"taxonomy":"product_tag","embeddable":true,"href":"https:\/\/www.hirtenberg-apotheke.at\/katalog\/wp-json\/wp\/v2\/product_tag?post=62901"}],"curies":[{"name":"wp","href":"https:\/\/api.w.org\/{rel}","templated":true}]}}