{"id":62917,"date":"2025-11-26T19:57:22","date_gmt":"2025-11-26T18:57:22","guid":{"rendered":"https:\/\/www.hirtenberg-apotheke.at\/katalog\/produkt\/glycin-pulver\/"},"modified":"2025-11-26T19:57:32","modified_gmt":"2025-11-26T18:57:32","slug":"glycin-pulver","status":"publish","type":"product","link":"https:\/\/www.hirtenberg-apotheke.at\/katalog\/produkt\/glycin-pulver\/","title":{"rendered":"Glycin Pulver"},"content":{"rendered":"<p>Glycin Pulver unterst\u00fctzt die F\u00f6rderung der Wundheilung und stellt defektes Gewebe wieder her, wie beispielsweise bei schweren k\u00f6rperlichen Sch\u00e4den, Brandwunden oder Sportverletzungen. Au\u00dferdem f\u00f6rdert Glycin die Bildung von H\u00e4moglobin, wodurch auch die Muskelaktivit\u00e4t unterst\u00fctzt wird. Auch an Entgiftungsreaktionen in der Leber ist Glycin beteiligt.<\/p>\n","protected":false},"excerpt":{"rendered":"<p>Glycin Pulver unterst\u00fctzt die F\u00f6rderung der Wundheilung und stellt defektes Gewebe wieder her, wie beispielsweise bei schweren k\u00f6rperlichen Sch\u00e4den, Brandwunden oder Sportverletzungen. Au\u00dferdem f\u00f6rdert Glycin die Bildung von H\u00e4moglobin, wodurch auch die Muskelaktivit\u00e4t unterst\u00fctzt wird. Auch an Entgiftungsreaktionen in der Leber ist Glycin beteiligt.<\/p>\n","protected":false},"featured_media":62919,"template":"","meta":{"_acf_changed":false},"product_brand":[316],"product_cat":[328],"product_tag":[],"class_list":{"0":"post-62917","1":"product","2":"type-product","3":"status-publish","4":"has-post-thumbnail","6":"product_brand-gall-pharma","7":"product_cat-g","8":"pa_packungsgroesse-100g","10":"first","11":"instock","12":"shipping-taxable","13":"purchasable","14":"product-type-simple"},"acf":[],"_links":{"self":[{"href":"https:\/\/www.hirtenberg-apotheke.at\/katalog\/wp-json\/wp\/v2\/product\/62917","targetHints":{"allow":["GET"]}}],"collection":[{"href":"https:\/\/www.hirtenberg-apotheke.at\/katalog\/wp-json\/wp\/v2\/product"}],"about":[{"href":"https:\/\/www.hirtenberg-apotheke.at\/katalog\/wp-json\/wp\/v2\/types\/product"}],"wp:featuredmedia":[{"embeddable":true,"href":"https:\/\/www.hirtenberg-apotheke.at\/katalog\/wp-json\/wp\/v2\/media\/62919"}],"wp:attachment":[{"href":"https:\/\/www.hirtenberg-apotheke.at\/katalog\/wp-json\/wp\/v2\/media?parent=62917"}],"wp:term":[{"taxonomy":"product_brand","embeddable":true,"href":"https:\/\/www.hirtenberg-apotheke.at\/katalog\/wp-json\/wp\/v2\/product_brand?post=62917"},{"taxonomy":"product_cat","embeddable":true,"href":"https:\/\/www.hirtenberg-apotheke.at\/katalog\/wp-json\/wp\/v2\/product_cat?post=62917"},{"taxonomy":"product_tag","embeddable":true,"href":"https:\/\/www.hirtenberg-apotheke.at\/katalog\/wp-json\/wp\/v2\/product_tag?post=62917"}],"curies":[{"name":"wp","href":"https:\/\/api.w.org\/{rel}","templated":true}]}}