{"id":62947,"date":"2025-11-26T19:57:48","date_gmt":"2025-11-26T18:57:48","guid":{"rendered":"https:\/\/www.hirtenberg-apotheke.at\/katalog\/produkt\/hairwonder-colour-care-mocha-brown-4-03-100-ml\/"},"modified":"2025-11-26T19:58:05","modified_gmt":"2025-11-26T18:58:05","slug":"hairwonder-colour-care-mocha-brown-4-03-100-ml","status":"publish","type":"product","link":"https:\/\/www.hirtenberg-apotheke.at\/katalog\/produkt\/hairwonder-colour-care-mocha-brown-4-03-100-ml\/","title":{"rendered":"Hairwonder Colour &#038; Care Mocha Brown 4.03 100 ml"},"content":{"rendered":"<p>Hairwonder Colour &#038; Care Mocha Brown 4.03 100 ml ist eine dauerhafte ammoniakfreie Coloration, die das Haar in einer einzigen Behandlung intensiv f\u00e4rbt, sch\u00fctzt, pflegt und st\u00e4rkt. 9 zertifizierte biologische Inhaltsstoffe sch\u00fctzen die Haarstruktur pflegen das Haar optimal und verleihen ihm brillanten Glanz. Biologisches Argan\u00f6l, Phytokeratin und Provitamin B5 st\u00e4rken die Haarstruktur, wirken hydralisierend und machen das Haar seidenweich. Hairwonder Colour &#038; Care sorgt f\u00fcr eine perfekte Grauabdeckung und h\u00e4lt 6-8 Wochen. Anwendbar auf dunkelblondem bis dunkelbraunem Haar.<\/p>\n","protected":false},"excerpt":{"rendered":"<p>Hairwonder Colour &#038; Care Mocha Brown 4.03 100 ml ist eine dauerhafte ammoniakfreie Coloration, die das Haar in einer einzigen Behandlung intensiv f\u00e4rbt, sch\u00fctzt, pflegt und st\u00e4rkt. 9 zertifizierte biologische Inhaltsstoffe sch\u00fctzen die Haarstruktur pflegen das Haar optimal und verleihen ihm brillanten Glanz. Biologisches Argan\u00f6l, Phytokeratin und Provitamin B5 st\u00e4rken die Haarstruktur, wirken hydralisierend und [&hellip;]<\/p>\n","protected":false},"featured_media":62949,"template":"","meta":{"_acf_changed":false},"product_brand":[],"product_cat":[330],"product_tag":[],"class_list":{"0":"post-62947","1":"product","2":"type-product","3":"status-publish","4":"has-post-thumbnail","6":"product_cat-h","7":"pa_packungsgroesse-100ml","9":"first","10":"instock","11":"shipping-taxable","12":"purchasable","13":"product-type-simple"},"acf":[],"_links":{"self":[{"href":"https:\/\/www.hirtenberg-apotheke.at\/katalog\/wp-json\/wp\/v2\/product\/62947","targetHints":{"allow":["GET"]}}],"collection":[{"href":"https:\/\/www.hirtenberg-apotheke.at\/katalog\/wp-json\/wp\/v2\/product"}],"about":[{"href":"https:\/\/www.hirtenberg-apotheke.at\/katalog\/wp-json\/wp\/v2\/types\/product"}],"wp:featuredmedia":[{"embeddable":true,"href":"https:\/\/www.hirtenberg-apotheke.at\/katalog\/wp-json\/wp\/v2\/media\/62949"}],"wp:attachment":[{"href":"https:\/\/www.hirtenberg-apotheke.at\/katalog\/wp-json\/wp\/v2\/media?parent=62947"}],"wp:term":[{"taxonomy":"product_brand","embeddable":true,"href":"https:\/\/www.hirtenberg-apotheke.at\/katalog\/wp-json\/wp\/v2\/product_brand?post=62947"},{"taxonomy":"product_cat","embeddable":true,"href":"https:\/\/www.hirtenberg-apotheke.at\/katalog\/wp-json\/wp\/v2\/product_cat?post=62947"},{"taxonomy":"product_tag","embeddable":true,"href":"https:\/\/www.hirtenberg-apotheke.at\/katalog\/wp-json\/wp\/v2\/product_tag?post=62947"}],"curies":[{"name":"wp","href":"https:\/\/api.w.org\/{rel}","templated":true}]}}