{"id":62950,"date":"2025-11-26T19:57:48","date_gmt":"2025-11-26T18:57:48","guid":{"rendered":"https:\/\/www.hirtenberg-apotheke.at\/katalog\/produkt\/injektion-einmalkanuele-neopoint-gruen-2-100-stk\/"},"modified":"2025-11-26T19:58:06","modified_gmt":"2025-11-26T18:58:06","slug":"injektion-einmalkanuele-neopoint-gruen-2-100-stk","status":"publish","type":"product","link":"https:\/\/www.hirtenberg-apotheke.at\/katalog\/produkt\/injektion-einmalkanuele-neopoint-gruen-2-100-stk\/","title":{"rendered":"Injektion Einmalkan\u00fcle Neopoint Gr\u00fcn 2 100 Stk."},"content":{"rendered":"<p>Injektion Einmalkan\u00fcle Neopoint ist eine hohle Nadel, die in der Medizin dazu benutzt wird, Fl\u00fcssigkeiten mit Hilfe einer Spritze zu injizieren. Die Kan\u00fclen \u00fcberzeugen durch einen unerreicht pr\u00e4zisen Schliff mit geringstem Trauma. Zudem wird jede einzelne Kan\u00fcle durch Laser dreifach gepr\u00fcft. Einzeln steril im Peelpack.<\/p>\n","protected":false},"excerpt":{"rendered":"<p>Injektion Einmalkan\u00fcle Neopoint ist eine hohle Nadel, die in der Medizin dazu benutzt wird, Fl\u00fcssigkeiten mit Hilfe einer Spritze zu injizieren. Die Kan\u00fclen \u00fcberzeugen durch einen unerreicht pr\u00e4zisen Schliff mit geringstem Trauma. Zudem wird jede einzelne Kan\u00fcle durch Laser dreifach gepr\u00fcft. Einzeln steril im Peelpack.<\/p>\n","protected":false},"featured_media":0,"template":"","meta":{"_acf_changed":false},"product_brand":[],"product_cat":[370],"product_tag":[],"class_list":{"0":"post-62950","1":"product","2":"type-product","3":"status-publish","5":"product_cat-i","6":"pa_packungsgroesse-100-stueck","8":"first","9":"instock","10":"shipping-taxable","11":"purchasable","12":"product-type-simple"},"acf":[],"_links":{"self":[{"href":"https:\/\/www.hirtenberg-apotheke.at\/katalog\/wp-json\/wp\/v2\/product\/62950","targetHints":{"allow":["GET"]}}],"collection":[{"href":"https:\/\/www.hirtenberg-apotheke.at\/katalog\/wp-json\/wp\/v2\/product"}],"about":[{"href":"https:\/\/www.hirtenberg-apotheke.at\/katalog\/wp-json\/wp\/v2\/types\/product"}],"wp:attachment":[{"href":"https:\/\/www.hirtenberg-apotheke.at\/katalog\/wp-json\/wp\/v2\/media?parent=62950"}],"wp:term":[{"taxonomy":"product_brand","embeddable":true,"href":"https:\/\/www.hirtenberg-apotheke.at\/katalog\/wp-json\/wp\/v2\/product_brand?post=62950"},{"taxonomy":"product_cat","embeddable":true,"href":"https:\/\/www.hirtenberg-apotheke.at\/katalog\/wp-json\/wp\/v2\/product_cat?post=62950"},{"taxonomy":"product_tag","embeddable":true,"href":"https:\/\/www.hirtenberg-apotheke.at\/katalog\/wp-json\/wp\/v2\/product_tag?post=62950"}],"curies":[{"name":"wp","href":"https:\/\/api.w.org\/{rel}","templated":true}]}}