{"id":62952,"date":"2025-11-26T19:57:48","date_gmt":"2025-11-26T18:57:48","guid":{"rendered":"https:\/\/www.hirtenberg-apotheke.at\/katalog\/produkt\/pantothensaeure-6mg-kapseln-2\/"},"modified":"2025-11-26T19:58:14","modified_gmt":"2025-11-26T18:58:14","slug":"pantothensaeure-6mg-kapseln-2","status":"publish","type":"product","link":"https:\/\/www.hirtenberg-apotheke.at\/katalog\/produkt\/pantothensaeure-6mg-kapseln-2\/","title":{"rendered":"Pantothens\u00e4ure 6mg Kapseln"},"content":{"rendered":"<p>Pantothens\u00e4ure 6 mg GPH Kapseln enthalten die empfohlene Tageszufuhr von 6 mg Pantothens\u00e4ure (Antigrauhaarfaktor) in einer Hartgelatinekapsel.<\/p>\n","protected":false},"excerpt":{"rendered":"<p>Pantothens\u00e4ure 6 mg GPH Kapseln enthalten die empfohlene Tageszufuhr von 6 mg Pantothens\u00e4ure (Antigrauhaarfaktor) in einer Hartgelatinekapsel.<\/p>\n","protected":false},"featured_media":62954,"template":"","meta":{"_acf_changed":false},"product_brand":[316],"product_cat":[302],"product_tag":[],"class_list":{"0":"post-62952","1":"product","2":"type-product","3":"status-publish","4":"has-post-thumbnail","6":"product_brand-gall-pharma","7":"product_cat-p","8":"pa_packungsgroesse-180-stueck","10":"first","11":"instock","12":"shipping-taxable","13":"purchasable","14":"product-type-simple"},"acf":[],"_links":{"self":[{"href":"https:\/\/www.hirtenberg-apotheke.at\/katalog\/wp-json\/wp\/v2\/product\/62952","targetHints":{"allow":["GET"]}}],"collection":[{"href":"https:\/\/www.hirtenberg-apotheke.at\/katalog\/wp-json\/wp\/v2\/product"}],"about":[{"href":"https:\/\/www.hirtenberg-apotheke.at\/katalog\/wp-json\/wp\/v2\/types\/product"}],"wp:featuredmedia":[{"embeddable":true,"href":"https:\/\/www.hirtenberg-apotheke.at\/katalog\/wp-json\/wp\/v2\/media\/62954"}],"wp:attachment":[{"href":"https:\/\/www.hirtenberg-apotheke.at\/katalog\/wp-json\/wp\/v2\/media?parent=62952"}],"wp:term":[{"taxonomy":"product_brand","embeddable":true,"href":"https:\/\/www.hirtenberg-apotheke.at\/katalog\/wp-json\/wp\/v2\/product_brand?post=62952"},{"taxonomy":"product_cat","embeddable":true,"href":"https:\/\/www.hirtenberg-apotheke.at\/katalog\/wp-json\/wp\/v2\/product_cat?post=62952"},{"taxonomy":"product_tag","embeddable":true,"href":"https:\/\/www.hirtenberg-apotheke.at\/katalog\/wp-json\/wp\/v2\/product_tag?post=62952"}],"curies":[{"name":"wp","href":"https:\/\/api.w.org\/{rel}","templated":true}]}}