{"id":62965,"date":"2025-11-26T19:57:48","date_gmt":"2025-11-26T18:57:48","guid":{"rendered":"https:\/\/www.hirtenberg-apotheke.at\/katalog\/produkt\/visomat-blutdruckmessgeraet-oberarm-double-comfort-1-stk\/"},"modified":"2025-11-26T19:58:26","modified_gmt":"2025-11-26T18:58:26","slug":"visomat-blutdruckmessgeraet-oberarm-double-comfort-1-stk","status":"publish","type":"product","link":"https:\/\/www.hirtenberg-apotheke.at\/katalog\/produkt\/visomat-blutdruckmessgeraet-oberarm-double-comfort-1-stk\/","title":{"rendered":"Visomat Blutdruckmessger\u00e4t Oberarm double comfort 1 Stk."},"content":{"rendered":"<p>Visomat Blutdruckmessger\u00e4t Oberarm double comfort 1 Stk. misst mit der Mikrofonmanschette wie Ihr Arzt. Durch die Kombination zweier Messmethoden erhalten Sie pr\u00e4zise Messergebnisse und absolute Sicherheit. Zudem erkennt visomat double comfort Vorhofflimmern, eine der gef\u00e4hrlichsten Herzrhythmusst\u00f6rungen. USB-Anschluss f\u00fcr PC-Auswertungssoftware. Messung nach Korotkow.Alle Eigenschaften auf einen Blick:\u00a0Messgenauigkeit geeignet fu\u0308r den klinischen Einsatz (ESH clinical use)Messung nach Korotkow (integriertes Stethoskop)Anzeige von Vorhofflimmern und anderen Herzrhythmusst\u00f6rungenBewegungskontrolle und ManschettensitzkontrollePulsdruckanzeigeUniversalmanschette fu\u0308r Armumf\u00e4nge von 23 \u2013 43 cmKlinisch validierte Messgenauigkeit nach EN ISO 81060-2:20142 Benutzerspeicher fu\u0308r je 120 Messwerte mit MittelwertanzeigeMessgenauigkeit speziell fu\u0308r Diabetiker klinisch gepru\u0308ftUSB-Anschluss fu\u0308r PC-Auswertungssoftware (Windows\u00ae)<\/p>\n","protected":false},"excerpt":{"rendered":"<p>Visomat Blutdruckmessger\u00e4t Oberarm double comfort 1 Stk. misst mit der Mikrofonmanschette wie Ihr Arzt. Durch die Kombination zweier Messmethoden erhalten Sie pr\u00e4zise Messergebnisse und absolute Sicherheit. Zudem erkennt visomat double comfort Vorhofflimmern, eine der gef\u00e4hrlichsten Herzrhythmusst\u00f6rungen. USB-Anschluss f\u00fcr PC-Auswertungssoftware. Messung nach Korotkow.Alle Eigenschaften auf einen Blick:\u00a0Messgenauigkeit geeignet fu\u0308r den klinischen Einsatz (ESH clinical use)Messung nach [&hellip;]<\/p>\n","protected":false},"featured_media":62967,"template":"","meta":{"_acf_changed":false},"product_brand":[],"product_cat":[300],"product_tag":[],"class_list":{"0":"post-62965","1":"product","2":"type-product","3":"status-publish","4":"has-post-thumbnail","6":"product_cat-v","7":"pa_packungsgroesse-1-stueck","9":"first","10":"instock","11":"shipping-taxable","12":"purchasable","13":"product-type-simple"},"acf":[],"_links":{"self":[{"href":"https:\/\/www.hirtenberg-apotheke.at\/katalog\/wp-json\/wp\/v2\/product\/62965","targetHints":{"allow":["GET"]}}],"collection":[{"href":"https:\/\/www.hirtenberg-apotheke.at\/katalog\/wp-json\/wp\/v2\/product"}],"about":[{"href":"https:\/\/www.hirtenberg-apotheke.at\/katalog\/wp-json\/wp\/v2\/types\/product"}],"wp:featuredmedia":[{"embeddable":true,"href":"https:\/\/www.hirtenberg-apotheke.at\/katalog\/wp-json\/wp\/v2\/media\/62967"}],"wp:attachment":[{"href":"https:\/\/www.hirtenberg-apotheke.at\/katalog\/wp-json\/wp\/v2\/media?parent=62965"}],"wp:term":[{"taxonomy":"product_brand","embeddable":true,"href":"https:\/\/www.hirtenberg-apotheke.at\/katalog\/wp-json\/wp\/v2\/product_brand?post=62965"},{"taxonomy":"product_cat","embeddable":true,"href":"https:\/\/www.hirtenberg-apotheke.at\/katalog\/wp-json\/wp\/v2\/product_cat?post=62965"},{"taxonomy":"product_tag","embeddable":true,"href":"https:\/\/www.hirtenberg-apotheke.at\/katalog\/wp-json\/wp\/v2\/product_tag?post=62965"}],"curies":[{"name":"wp","href":"https:\/\/api.w.org\/{rel}","templated":true}]}}