{"id":62973,"date":"2025-11-26T19:58:25","date_gmt":"2025-11-26T18:58:25","guid":{"rendered":"https:\/\/www.hirtenberg-apotheke.at\/katalog\/produkt\/gall-pharma-vitamin-b12-05-mg-kapseln-60-stk\/"},"modified":"2025-11-26T19:58:51","modified_gmt":"2025-11-26T18:58:51","slug":"gall-pharma-vitamin-b12-05-mg-kapseln-60-stk","status":"publish","type":"product","link":"https:\/\/www.hirtenberg-apotheke.at\/katalog\/produkt\/gall-pharma-vitamin-b12-05-mg-kapseln-60-stk\/","title":{"rendered":"Gall Pharma Vitamin B12 0,5 mg Kapseln 60 Stk."},"content":{"rendered":"<p>Vitamin B12 wird f\u00fcr die Synthese von Myelin ben\u00f6tigt, der Bausubstanz der Nervenscheiden, daher tr\u00e4gt Vitamin B12 zu einer normalen Funktion des Nervensystems bei. F\u00fcr Veganer und Vegetarier ist eine t\u00e4gliche Zufuhr von Vitamin B12 sinnvoll, da Methylcobalamin haupts\u00e4chlich in tierischen Lebensmitteln enthalten ist. Bei \u00e4lteren Personen ist die Resorption oft eingeschr\u00e4nkt und durch die Einnahme bestimmter Medikamente kann die Gefahr eines Vitamin B12-Mangels erh\u00f6ht werden. In diesen F\u00e4llen hat sich eine Nahrungserg\u00e4nzung mit Vitamin B12 bew\u00e4hrt. Neben Fols\u00e4ure und Eisen tr\u00e4gt Vitamin B12 au\u00dferdem zu einer normalen Bildung roter Blutk\u00f6rperchen bei.<\/p>\n","protected":false},"excerpt":{"rendered":"<p>Vitamin B12 wird f\u00fcr die Synthese von Myelin ben\u00f6tigt, der Bausubstanz der Nervenscheiden, daher tr\u00e4gt Vitamin B12 zu einer normalen Funktion des Nervensystems bei. F\u00fcr Veganer und Vegetarier ist eine t\u00e4gliche Zufuhr von Vitamin B12 sinnvoll, da Methylcobalamin haupts\u00e4chlich in tierischen Lebensmitteln enthalten ist. Bei \u00e4lteren Personen ist die Resorption oft eingeschr\u00e4nkt und durch die [&hellip;]<\/p>\n","protected":false},"featured_media":62975,"template":"","meta":{"_acf_changed":false},"product_brand":[316],"product_cat":[328],"product_tag":[],"class_list":{"0":"post-62973","1":"product","2":"type-product","3":"status-publish","4":"has-post-thumbnail","6":"product_brand-gall-pharma","7":"product_cat-g","8":"pa_packungsgroesse-60-stueck","10":"first","11":"instock","12":"shipping-taxable","13":"purchasable","14":"product-type-simple"},"acf":[],"_links":{"self":[{"href":"https:\/\/www.hirtenberg-apotheke.at\/katalog\/wp-json\/wp\/v2\/product\/62973","targetHints":{"allow":["GET"]}}],"collection":[{"href":"https:\/\/www.hirtenberg-apotheke.at\/katalog\/wp-json\/wp\/v2\/product"}],"about":[{"href":"https:\/\/www.hirtenberg-apotheke.at\/katalog\/wp-json\/wp\/v2\/types\/product"}],"wp:featuredmedia":[{"embeddable":true,"href":"https:\/\/www.hirtenberg-apotheke.at\/katalog\/wp-json\/wp\/v2\/media\/62975"}],"wp:attachment":[{"href":"https:\/\/www.hirtenberg-apotheke.at\/katalog\/wp-json\/wp\/v2\/media?parent=62973"}],"wp:term":[{"taxonomy":"product_brand","embeddable":true,"href":"https:\/\/www.hirtenberg-apotheke.at\/katalog\/wp-json\/wp\/v2\/product_brand?post=62973"},{"taxonomy":"product_cat","embeddable":true,"href":"https:\/\/www.hirtenberg-apotheke.at\/katalog\/wp-json\/wp\/v2\/product_cat?post=62973"},{"taxonomy":"product_tag","embeddable":true,"href":"https:\/\/www.hirtenberg-apotheke.at\/katalog\/wp-json\/wp\/v2\/product_tag?post=62973"}],"curies":[{"name":"wp","href":"https:\/\/api.w.org\/{rel}","templated":true}]}}