{"id":63001,"date":"2025-11-26T19:59:07","date_gmt":"2025-11-26T18:59:07","guid":{"rendered":"https:\/\/www.hirtenberg-apotheke.at\/katalog\/produkt\/bioflora-lab-q10-coenzym-kapseln-bioactiv-60-stk\/"},"modified":"2025-11-26T19:59:16","modified_gmt":"2025-11-26T18:59:16","slug":"bioflora-lab-q10-coenzym-kapseln-bioactiv-60-stk","status":"publish","type":"product","link":"https:\/\/www.hirtenberg-apotheke.at\/katalog\/produkt\/bioflora-lab-q10-coenzym-kapseln-bioactiv-60-stk\/","title":{"rendered":"Bioflora LAB Q10 Coenzym Kapseln Bioactiv 60 Stk."},"content":{"rendered":"<p>Ehrmed Bioflora Q10 Coenzym Kapseln Bioactiv zeichnen sich durch im Vergleich zu herk\u00f6mmlichem Q10 mit einer 3- fach h\u00f6heren Bioverf\u00fcgbarkeit aus. Zur St\u00e4rkung von Herz und Herzmuskel.<\/p>\n","protected":false},"excerpt":{"rendered":"<p>Ehrmed Bioflora Q10 Coenzym Kapseln Bioactiv zeichnen sich durch im Vergleich zu herk\u00f6mmlichem Q10 mit einer 3- fach h\u00f6heren Bioverf\u00fcgbarkeit aus. Zur St\u00e4rkung von Herz und Herzmuskel.<\/p>\n","protected":false},"featured_media":63003,"template":"","meta":{"_acf_changed":false},"product_brand":[409],"product_cat":[292],"product_tag":[],"class_list":{"0":"post-63001","1":"product","2":"type-product","3":"status-publish","4":"has-post-thumbnail","6":"product_brand-bioflora-lab","7":"product_cat-b","8":"pa_packungsgroesse-60-stueck","10":"first","11":"instock","12":"shipping-taxable","13":"purchasable","14":"product-type-simple"},"acf":[],"_links":{"self":[{"href":"https:\/\/www.hirtenberg-apotheke.at\/katalog\/wp-json\/wp\/v2\/product\/63001","targetHints":{"allow":["GET"]}}],"collection":[{"href":"https:\/\/www.hirtenberg-apotheke.at\/katalog\/wp-json\/wp\/v2\/product"}],"about":[{"href":"https:\/\/www.hirtenberg-apotheke.at\/katalog\/wp-json\/wp\/v2\/types\/product"}],"wp:featuredmedia":[{"embeddable":true,"href":"https:\/\/www.hirtenberg-apotheke.at\/katalog\/wp-json\/wp\/v2\/media\/63003"}],"wp:attachment":[{"href":"https:\/\/www.hirtenberg-apotheke.at\/katalog\/wp-json\/wp\/v2\/media?parent=63001"}],"wp:term":[{"taxonomy":"product_brand","embeddable":true,"href":"https:\/\/www.hirtenberg-apotheke.at\/katalog\/wp-json\/wp\/v2\/product_brand?post=63001"},{"taxonomy":"product_cat","embeddable":true,"href":"https:\/\/www.hirtenberg-apotheke.at\/katalog\/wp-json\/wp\/v2\/product_cat?post=63001"},{"taxonomy":"product_tag","embeddable":true,"href":"https:\/\/www.hirtenberg-apotheke.at\/katalog\/wp-json\/wp\/v2\/product_tag?post=63001"}],"curies":[{"name":"wp","href":"https:\/\/api.w.org\/{rel}","templated":true}]}}