{"id":63046,"date":"2025-11-26T19:59:41","date_gmt":"2025-11-26T18:59:41","guid":{"rendered":"https:\/\/www.hirtenberg-apotheke.at\/katalog\/produkt\/spargel-extrakt-kapseln-60-stk\/"},"modified":"2025-11-26T20:00:20","modified_gmt":"2025-11-26T19:00:20","slug":"spargel-extrakt-kapseln-60-stk","status":"publish","type":"product","link":"https:\/\/www.hirtenberg-apotheke.at\/katalog\/produkt\/spargel-extrakt-kapseln-60-stk\/","title":{"rendered":"Spargel Extrakt Kapseln 60 Stk."},"content":{"rendered":"<p>Spargel Extrakt Kapseln stimulieren die Ausleitung von Schadstoffen und Schlacken \u00fcber die Nieren und helfen dadurch bei der Reinigung des Organismus. Au\u00dferdem kann die Zubereitung zur Unterst\u00fctzung gewichtsreduzierender Ma\u00dfnahmen eingesetzt werden.<\/p>\n","protected":false},"excerpt":{"rendered":"<p>Spargel Extrakt Kapseln stimulieren die Ausleitung von Schadstoffen und Schlacken \u00fcber die Nieren und helfen dadurch bei der Reinigung des Organismus. Au\u00dferdem kann die Zubereitung zur Unterst\u00fctzung gewichtsreduzierender Ma\u00dfnahmen eingesetzt werden.<\/p>\n","protected":false},"featured_media":0,"template":"","meta":{"_acf_changed":false},"product_brand":[],"product_cat":[303],"product_tag":[],"class_list":{"0":"post-63046","1":"product","2":"type-product","3":"status-publish","5":"product_cat-s","6":"pa_packungsgroesse-60-stueck","8":"first","9":"instock","10":"shipping-taxable","11":"purchasable","12":"product-type-simple"},"acf":[],"_links":{"self":[{"href":"https:\/\/www.hirtenberg-apotheke.at\/katalog\/wp-json\/wp\/v2\/product\/63046","targetHints":{"allow":["GET"]}}],"collection":[{"href":"https:\/\/www.hirtenberg-apotheke.at\/katalog\/wp-json\/wp\/v2\/product"}],"about":[{"href":"https:\/\/www.hirtenberg-apotheke.at\/katalog\/wp-json\/wp\/v2\/types\/product"}],"wp:attachment":[{"href":"https:\/\/www.hirtenberg-apotheke.at\/katalog\/wp-json\/wp\/v2\/media?parent=63046"}],"wp:term":[{"taxonomy":"product_brand","embeddable":true,"href":"https:\/\/www.hirtenberg-apotheke.at\/katalog\/wp-json\/wp\/v2\/product_brand?post=63046"},{"taxonomy":"product_cat","embeddable":true,"href":"https:\/\/www.hirtenberg-apotheke.at\/katalog\/wp-json\/wp\/v2\/product_cat?post=63046"},{"taxonomy":"product_tag","embeddable":true,"href":"https:\/\/www.hirtenberg-apotheke.at\/katalog\/wp-json\/wp\/v2\/product_tag?post=63046"}],"curies":[{"name":"wp","href":"https:\/\/api.w.org\/{rel}","templated":true}]}}