{"id":6329,"date":"2025-11-25T13:13:46","date_gmt":"2025-11-25T12:13:46","guid":{"rendered":"https:\/\/www.hirtenberg-apotheke.at\/katalog\/produkt\/sedogelat-forte-filmtabletten\/"},"modified":"2025-11-25T13:15:37","modified_gmt":"2025-11-25T12:15:37","slug":"sedogelat-forte-filmtabletten","status":"publish","type":"product","link":"https:\/\/www.hirtenberg-apotheke.at\/katalog\/produkt\/sedogelat-forte-filmtabletten\/","title":{"rendered":"SEDOGELAT FORTE Filmtabletten"},"content":{"rendered":"<p>Sedogelat Forte Filmtablette ist ein traditionelle pflanzliches Arzneimittel, das Trockenextrakte aus der Baldrianwurzel und Melissenbl\u00e4ttern enth\u00e4lt. Es wird bei Unruhezust\u00e4nden und nerv\u00f6s bedingten Ein- und Durchschlafst\u00f6rungen angewendet. Dieses Produkt ist in Packungen zu 30 und 60 St\u00fcck erh\u00e4ltlich.<\/p>\n","protected":false},"excerpt":{"rendered":"<p>Sedogelat Forte Filmtablette ist ein traditionelle pflanzliches Arzneimittel, das Trockenextrakte aus der Baldrianwurzel und Melissenbl\u00e4ttern enth\u00e4lt. Es wird bei Unruhezust\u00e4nden und nerv\u00f6s bedingten Ein- und Durchschlafst\u00f6rungen angewendet. Dieses Produkt ist in Packungen zu 30 und 60 St\u00fcck erh\u00e4ltlich.<\/p>\n","protected":false},"featured_media":6331,"template":"","meta":{"_acf_changed":false},"product_brand":[],"product_cat":[303],"product_tag":[],"class_list":{"0":"post-6329","1":"product","2":"type-product","3":"status-publish","4":"has-post-thumbnail","6":"product_cat-s","7":"pa_packungsgroesse-30-stueck","8":"pa_packungsgroesse-60-stueck","10":"first","11":"instock","12":"shipping-taxable","13":"purchasable","14":"product-type-simple"},"acf":[],"_links":{"self":[{"href":"https:\/\/www.hirtenberg-apotheke.at\/katalog\/wp-json\/wp\/v2\/product\/6329","targetHints":{"allow":["GET"]}}],"collection":[{"href":"https:\/\/www.hirtenberg-apotheke.at\/katalog\/wp-json\/wp\/v2\/product"}],"about":[{"href":"https:\/\/www.hirtenberg-apotheke.at\/katalog\/wp-json\/wp\/v2\/types\/product"}],"wp:featuredmedia":[{"embeddable":true,"href":"https:\/\/www.hirtenberg-apotheke.at\/katalog\/wp-json\/wp\/v2\/media\/6331"}],"wp:attachment":[{"href":"https:\/\/www.hirtenberg-apotheke.at\/katalog\/wp-json\/wp\/v2\/media?parent=6329"}],"wp:term":[{"taxonomy":"product_brand","embeddable":true,"href":"https:\/\/www.hirtenberg-apotheke.at\/katalog\/wp-json\/wp\/v2\/product_brand?post=6329"},{"taxonomy":"product_cat","embeddable":true,"href":"https:\/\/www.hirtenberg-apotheke.at\/katalog\/wp-json\/wp\/v2\/product_cat?post=6329"},{"taxonomy":"product_tag","embeddable":true,"href":"https:\/\/www.hirtenberg-apotheke.at\/katalog\/wp-json\/wp\/v2\/product_tag?post=6329"}],"curies":[{"name":"wp","href":"https:\/\/api.w.org\/{rel}","templated":true}]}}