{"id":63345,"date":"2025-11-26T20:05:58","date_gmt":"2025-11-26T19:05:58","guid":{"rendered":"https:\/\/www.hirtenberg-apotheke.at\/katalog\/produkt\/tena-bib-esslatz-medium-large-150-stk\/"},"modified":"2025-11-26T20:06:02","modified_gmt":"2025-11-26T19:06:02","slug":"tena-bib-esslatz-medium-large-150-stk","status":"publish","type":"product","link":"https:\/\/www.hirtenberg-apotheke.at\/katalog\/produkt\/tena-bib-esslatz-medium-large-150-stk\/","title":{"rendered":"Tena Bib Esslatz Medium\/Large 150 Stk."},"content":{"rendered":"<p>Tena Bib Esslatz Medium\/Large mit Auffangtasche und Fixierb\u00e4ndern besteht aus Zellstoff und Fl\u00fcssigkeitsabsorbierenden und feuchtigkeitsundurchl\u00e4ssigen Polyethylen. Dieser Esslatz ist mehrfach verwendbar.<\/p>\n","protected":false},"excerpt":{"rendered":"<p>Tena Bib Esslatz Medium\/Large mit Auffangtasche und Fixierb\u00e4ndern besteht aus Zellstoff und Fl\u00fcssigkeitsabsorbierenden und feuchtigkeitsundurchl\u00e4ssigen Polyethylen. Dieser Esslatz ist mehrfach verwendbar.<\/p>\n","protected":false},"featured_media":63347,"template":"","meta":{"_acf_changed":false},"product_brand":[],"product_cat":[319],"product_tag":[],"class_list":{"0":"post-63345","1":"product","2":"type-product","3":"status-publish","4":"has-post-thumbnail","6":"product_cat-t","7":"pa_packungsgroesse-150-stueck","9":"first","10":"instock","11":"shipping-taxable","12":"purchasable","13":"product-type-simple"},"acf":[],"_links":{"self":[{"href":"https:\/\/www.hirtenberg-apotheke.at\/katalog\/wp-json\/wp\/v2\/product\/63345","targetHints":{"allow":["GET"]}}],"collection":[{"href":"https:\/\/www.hirtenberg-apotheke.at\/katalog\/wp-json\/wp\/v2\/product"}],"about":[{"href":"https:\/\/www.hirtenberg-apotheke.at\/katalog\/wp-json\/wp\/v2\/types\/product"}],"wp:featuredmedia":[{"embeddable":true,"href":"https:\/\/www.hirtenberg-apotheke.at\/katalog\/wp-json\/wp\/v2\/media\/63347"}],"wp:attachment":[{"href":"https:\/\/www.hirtenberg-apotheke.at\/katalog\/wp-json\/wp\/v2\/media?parent=63345"}],"wp:term":[{"taxonomy":"product_brand","embeddable":true,"href":"https:\/\/www.hirtenberg-apotheke.at\/katalog\/wp-json\/wp\/v2\/product_brand?post=63345"},{"taxonomy":"product_cat","embeddable":true,"href":"https:\/\/www.hirtenberg-apotheke.at\/katalog\/wp-json\/wp\/v2\/product_cat?post=63345"},{"taxonomy":"product_tag","embeddable":true,"href":"https:\/\/www.hirtenberg-apotheke.at\/katalog\/wp-json\/wp\/v2\/product_tag?post=63345"}],"curies":[{"name":"wp","href":"https:\/\/api.w.org\/{rel}","templated":true}]}}