{"id":63385,"date":"2025-11-26T20:06:30","date_gmt":"2025-11-26T19:06:30","guid":{"rendered":"https:\/\/www.hirtenberg-apotheke.at\/katalog\/produkt\/vitamin-b5-kapseln-6mg-3\/"},"modified":"2025-11-26T20:06:52","modified_gmt":"2025-11-26T19:06:52","slug":"vitamin-b5-kapseln-6mg-3","status":"publish","type":"product","link":"https:\/\/www.hirtenberg-apotheke.at\/katalog\/produkt\/vitamin-b5-kapseln-6mg-3\/","title":{"rendered":"Vitamin B5 Kapseln 6mg"},"content":{"rendered":"<p>Gall Pharma Vitamin B5 6 mg Kapseln 120 Stk. helfen hervorragend gegen nerv\u00f6se Ersch\u00f6pfung und k\u00f6nnen die Gehirnleistung auffrischen und dadurch Konzentrationsm\u00e4ngel, Ged\u00e4chtnis und Lernschw\u00e4chen beseitigen.Dar\u00fcber hinaus wirkt es als &#8222;Sch\u00f6nheitsvitamin&#8220; gegen vorzeitige Alterung und Faltenbildung und kann indirekt beim Schlankwerden und Schlankbleiben durch seine Beteiligung an der Produktion von Corticoiden in der Nebennierenrinde unterst\u00fctzen &#8211; als Standortapotheke bieten wir Ihnen 100 % Sicherheit und ausschlie\u00dflich Originalprodukte!<\/p>\n","protected":false},"excerpt":{"rendered":"<p>Gall Pharma Vitamin B5 6 mg Kapseln 120 Stk. helfen hervorragend gegen nerv\u00f6se Ersch\u00f6pfung und k\u00f6nnen die Gehirnleistung auffrischen und dadurch Konzentrationsm\u00e4ngel, Ged\u00e4chtnis und Lernschw\u00e4chen beseitigen.Dar\u00fcber hinaus wirkt es als &#8222;Sch\u00f6nheitsvitamin&#8220; gegen vorzeitige Alterung und Faltenbildung und kann indirekt beim Schlankwerden und Schlankbleiben durch seine Beteiligung an der Produktion von Corticoiden in der Nebennierenrinde unterst\u00fctzen [&hellip;]<\/p>\n","protected":false},"featured_media":0,"template":"","meta":{"_acf_changed":false},"product_brand":[316],"product_cat":[300],"product_tag":[],"class_list":{"0":"post-63385","1":"product","2":"type-product","3":"status-publish","5":"product_brand-gall-pharma","6":"product_cat-v","7":"pa_packungsgroesse-120-stueck","9":"first","10":"instock","11":"shipping-taxable","12":"purchasable","13":"product-type-simple"},"acf":[],"_links":{"self":[{"href":"https:\/\/www.hirtenberg-apotheke.at\/katalog\/wp-json\/wp\/v2\/product\/63385","targetHints":{"allow":["GET"]}}],"collection":[{"href":"https:\/\/www.hirtenberg-apotheke.at\/katalog\/wp-json\/wp\/v2\/product"}],"about":[{"href":"https:\/\/www.hirtenberg-apotheke.at\/katalog\/wp-json\/wp\/v2\/types\/product"}],"wp:attachment":[{"href":"https:\/\/www.hirtenberg-apotheke.at\/katalog\/wp-json\/wp\/v2\/media?parent=63385"}],"wp:term":[{"taxonomy":"product_brand","embeddable":true,"href":"https:\/\/www.hirtenberg-apotheke.at\/katalog\/wp-json\/wp\/v2\/product_brand?post=63385"},{"taxonomy":"product_cat","embeddable":true,"href":"https:\/\/www.hirtenberg-apotheke.at\/katalog\/wp-json\/wp\/v2\/product_cat?post=63385"},{"taxonomy":"product_tag","embeddable":true,"href":"https:\/\/www.hirtenberg-apotheke.at\/katalog\/wp-json\/wp\/v2\/product_tag?post=63385"}],"curies":[{"name":"wp","href":"https:\/\/api.w.org\/{rel}","templated":true}]}}