{"id":63393,"date":"2025-11-26T20:06:55","date_gmt":"2025-11-26T19:06:55","guid":{"rendered":"https:\/\/www.hirtenberg-apotheke.at\/katalog\/produkt\/eucerin-dermocapillaire-revitalisierendes-shampoo-250-ml\/"},"modified":"2025-11-26T20:06:58","modified_gmt":"2025-11-26T19:06:58","slug":"eucerin-dermocapillaire-revitalisierendes-shampoo-250-ml","status":"publish","type":"product","link":"https:\/\/www.hirtenberg-apotheke.at\/katalog\/produkt\/eucerin-dermocapillaire-revitalisierendes-shampoo-250-ml\/","title":{"rendered":"Eucerin DermoCapillaire Revitalisierendes Shampoo 250 ml"},"content":{"rendered":"<p>Eucerin DermoCapillaire Revitalisierendes Shampoo wurde speziell zur Unterst\u00fctzung der Wirkung von Eucerin DermoCapillaire Revitalisierende Tinktur entwickelt. Bei kombinierter Anwendung verz\u00f6gert dieses Haar- und Kopfhaut-Pflegesystem das Sch\u00fctterwerden des Haares infolge erblich bedingten Haarausfalls, der h\u00e4ufigsten Ursache f\u00fcr Haarausfall bei M\u00e4nnern und Frauen. Es basiert auf den zwei nat\u00fcrlicherweise im K\u00f6rper vorkommenden Wirkstoffen Carnitin und Creatin, die zur St\u00e4rkung der Haarwurzel beitragen. Bei regelm\u00e4ssiger Anwendung verz\u00f6gert dieses Pflegesystem wirksam den Haarausfallprozess und verleiht Ihrem Haar einen gesunden Glanz und eine weiche, geschmeidige Textur.<\/p>\n","protected":false},"excerpt":{"rendered":"<p>Eucerin DermoCapillaire Revitalisierendes Shampoo wurde speziell zur Unterst\u00fctzung der Wirkung von Eucerin DermoCapillaire Revitalisierende Tinktur entwickelt. Bei kombinierter Anwendung verz\u00f6gert dieses Haar- und Kopfhaut-Pflegesystem das Sch\u00fctterwerden des Haares infolge erblich bedingten Haarausfalls, der h\u00e4ufigsten Ursache f\u00fcr Haarausfall bei M\u00e4nnern und Frauen. Es basiert auf den zwei nat\u00fcrlicherweise im K\u00f6rper vorkommenden Wirkstoffen Carnitin und Creatin, die [&hellip;]<\/p>\n","protected":false},"featured_media":0,"template":"","meta":{"_acf_changed":false},"product_brand":[694],"product_cat":[307],"product_tag":[],"class_list":{"0":"post-63393","1":"product","2":"type-product","3":"status-publish","5":"product_brand-eucerin","6":"product_cat-e","7":"pa_packungsgroesse-250ml","9":"first","10":"instock","11":"shipping-taxable","12":"purchasable","13":"product-type-simple"},"acf":[],"_links":{"self":[{"href":"https:\/\/www.hirtenberg-apotheke.at\/katalog\/wp-json\/wp\/v2\/product\/63393","targetHints":{"allow":["GET"]}}],"collection":[{"href":"https:\/\/www.hirtenberg-apotheke.at\/katalog\/wp-json\/wp\/v2\/product"}],"about":[{"href":"https:\/\/www.hirtenberg-apotheke.at\/katalog\/wp-json\/wp\/v2\/types\/product"}],"wp:attachment":[{"href":"https:\/\/www.hirtenberg-apotheke.at\/katalog\/wp-json\/wp\/v2\/media?parent=63393"}],"wp:term":[{"taxonomy":"product_brand","embeddable":true,"href":"https:\/\/www.hirtenberg-apotheke.at\/katalog\/wp-json\/wp\/v2\/product_brand?post=63393"},{"taxonomy":"product_cat","embeddable":true,"href":"https:\/\/www.hirtenberg-apotheke.at\/katalog\/wp-json\/wp\/v2\/product_cat?post=63393"},{"taxonomy":"product_tag","embeddable":true,"href":"https:\/\/www.hirtenberg-apotheke.at\/katalog\/wp-json\/wp\/v2\/product_tag?post=63393"}],"curies":[{"name":"wp","href":"https:\/\/api.w.org\/{rel}","templated":true}]}}