{"id":63419,"date":"2025-11-26T20:07:20","date_gmt":"2025-11-26T19:07:20","guid":{"rendered":"https:\/\/www.hirtenberg-apotheke.at\/katalog\/produkt\/sanoll-shampoo-hanf-200-ml\/"},"modified":"2025-11-26T20:07:24","modified_gmt":"2025-11-26T19:07:24","slug":"sanoll-shampoo-hanf-200-ml","status":"publish","type":"product","link":"https:\/\/www.hirtenberg-apotheke.at\/katalog\/produkt\/sanoll-shampoo-hanf-200-ml\/","title":{"rendered":"Sanoll Shampoo Hanf 200 ml"},"content":{"rendered":"<p>Sanoll Hanf Shampoo f\u00fcr normales, gesundes Haar. Hochwertige Pflegestoffe aus Hanf und Gammalinols\u00e4ure f\u00f6rdern Elastizit\u00e4t und Glanz. Sanfte Reinigung durch Zuckertensid.<\/p>\n","protected":false},"excerpt":{"rendered":"<p>Sanoll Hanf Shampoo f\u00fcr normales, gesundes Haar. Hochwertige Pflegestoffe aus Hanf und Gammalinols\u00e4ure f\u00f6rdern Elastizit\u00e4t und Glanz. Sanfte Reinigung durch Zuckertensid.<\/p>\n","protected":false},"featured_media":0,"template":"","meta":{"_acf_changed":false},"product_brand":[],"product_cat":[303],"product_tag":[],"class_list":{"0":"post-63419","1":"product","2":"type-product","3":"status-publish","5":"product_cat-s","6":"pa_packungsgroesse-200ml","8":"first","9":"instock","10":"shipping-taxable","11":"purchasable","12":"product-type-simple"},"acf":[],"_links":{"self":[{"href":"https:\/\/www.hirtenberg-apotheke.at\/katalog\/wp-json\/wp\/v2\/product\/63419","targetHints":{"allow":["GET"]}}],"collection":[{"href":"https:\/\/www.hirtenberg-apotheke.at\/katalog\/wp-json\/wp\/v2\/product"}],"about":[{"href":"https:\/\/www.hirtenberg-apotheke.at\/katalog\/wp-json\/wp\/v2\/types\/product"}],"wp:attachment":[{"href":"https:\/\/www.hirtenberg-apotheke.at\/katalog\/wp-json\/wp\/v2\/media?parent=63419"}],"wp:term":[{"taxonomy":"product_brand","embeddable":true,"href":"https:\/\/www.hirtenberg-apotheke.at\/katalog\/wp-json\/wp\/v2\/product_brand?post=63419"},{"taxonomy":"product_cat","embeddable":true,"href":"https:\/\/www.hirtenberg-apotheke.at\/katalog\/wp-json\/wp\/v2\/product_cat?post=63419"},{"taxonomy":"product_tag","embeddable":true,"href":"https:\/\/www.hirtenberg-apotheke.at\/katalog\/wp-json\/wp\/v2\/product_tag?post=63419"}],"curies":[{"name":"wp","href":"https:\/\/api.w.org\/{rel}","templated":true}]}}