{"id":63430,"date":"2025-11-26T20:07:20","date_gmt":"2025-11-26T19:07:20","guid":{"rendered":"https:\/\/www.hirtenberg-apotheke.at\/katalog\/produkt\/master-lin-eye-creme-gold-goji-15-ml\/"},"modified":"2025-11-26T20:07:40","modified_gmt":"2025-11-26T19:07:40","slug":"master-lin-eye-creme-gold-goji-15-ml","status":"publish","type":"product","link":"https:\/\/www.hirtenberg-apotheke.at\/katalog\/produkt\/master-lin-eye-creme-gold-goji-15-ml\/","title":{"rendered":"Master Lin Eye Creme Gold &#038; Goji 15 ml"},"content":{"rendered":"<p>Master Lin Eye Creme Gold &#038; Goji sorgt f\u00fcr einen strahlend sch\u00f6nen und wachen Blick. Die Creme wirkt bereits im Vorfeld gegen Schwellungen und verringert die Faltentiefe. Au\u00dferdem gleicht sie Feuchtigkeitsdefizite aus und gl\u00e4ttet nachhaltig. Die revitalisierende Naturkosmetik-Formel gepaart mit der erfrischenden und rasch einziehenden Textur macht diese Augen\u00adpflege zum absoluten Pflege-Highlight.<\/p>\n","protected":false},"excerpt":{"rendered":"<p>Master Lin Eye Creme Gold &#038; Goji sorgt f\u00fcr einen strahlend sch\u00f6nen und wachen Blick. Die Creme wirkt bereits im Vorfeld gegen Schwellungen und verringert die Faltentiefe. Au\u00dferdem gleicht sie Feuchtigkeitsdefizite aus und gl\u00e4ttet nachhaltig. Die revitalisierende Naturkosmetik-Formel gepaart mit der erfrischenden und rasch einziehenden Textur macht diese Augen\u00adpflege zum absoluten Pflege-Highlight.<\/p>\n","protected":false},"featured_media":0,"template":"","meta":{"_acf_changed":false},"product_brand":[],"product_cat":[308],"product_tag":[],"class_list":{"0":"post-63430","1":"product","2":"type-product","3":"status-publish","5":"product_cat-m","6":"pa_packungsgroesse-15ml","8":"first","9":"instock","10":"shipping-taxable","11":"purchasable","12":"product-type-simple"},"acf":[],"_links":{"self":[{"href":"https:\/\/www.hirtenberg-apotheke.at\/katalog\/wp-json\/wp\/v2\/product\/63430","targetHints":{"allow":["GET"]}}],"collection":[{"href":"https:\/\/www.hirtenberg-apotheke.at\/katalog\/wp-json\/wp\/v2\/product"}],"about":[{"href":"https:\/\/www.hirtenberg-apotheke.at\/katalog\/wp-json\/wp\/v2\/types\/product"}],"wp:attachment":[{"href":"https:\/\/www.hirtenberg-apotheke.at\/katalog\/wp-json\/wp\/v2\/media?parent=63430"}],"wp:term":[{"taxonomy":"product_brand","embeddable":true,"href":"https:\/\/www.hirtenberg-apotheke.at\/katalog\/wp-json\/wp\/v2\/product_brand?post=63430"},{"taxonomy":"product_cat","embeddable":true,"href":"https:\/\/www.hirtenberg-apotheke.at\/katalog\/wp-json\/wp\/v2\/product_cat?post=63430"},{"taxonomy":"product_tag","embeddable":true,"href":"https:\/\/www.hirtenberg-apotheke.at\/katalog\/wp-json\/wp\/v2\/product_tag?post=63430"}],"curies":[{"name":"wp","href":"https:\/\/api.w.org\/{rel}","templated":true}]}}