{"id":63432,"date":"2025-11-26T20:07:20","date_gmt":"2025-11-26T19:07:20","guid":{"rendered":"https:\/\/www.hirtenberg-apotheke.at\/katalog\/produkt\/espara-lapacho-alchemistische-essenz-30-ml\/"},"modified":"2025-11-26T20:07:45","modified_gmt":"2025-11-26T19:07:45","slug":"espara-lapacho-alchemistische-essenz-30-ml","status":"publish","type":"product","link":"https:\/\/www.hirtenberg-apotheke.at\/katalog\/produkt\/espara-lapacho-alchemistische-essenz-30-ml\/","title":{"rendered":"Espara Lapacho Alchemistische Essenz 30 ml"},"content":{"rendered":"<p>Nahrungserg\u00e4nzungsmittel mit Lapacho-Destillat  hergestellt nach einem speziellen, auf Paracelsus zur\u00fcckgehenden Verfahren. Lapacho wird aufgrund seines positiven Einflusses auf das Abwehrsystem gesch\u00e4tzt. Alk. 16 % vol \u2013<\/p>\n","protected":false},"excerpt":{"rendered":"<p>Nahrungserg\u00e4nzungsmittel mit Lapacho-Destillat hergestellt nach einem speziellen, auf Paracelsus zur\u00fcckgehenden Verfahren. Lapacho wird aufgrund seines positiven Einflusses auf das Abwehrsystem gesch\u00e4tzt. Alk. 16 % vol \u2013<\/p>\n","protected":false},"featured_media":63434,"template":"","meta":{"_acf_changed":false},"product_brand":[341],"product_cat":[307],"product_tag":[],"class_list":{"0":"post-63432","1":"product","2":"type-product","3":"status-publish","4":"has-post-thumbnail","6":"product_brand-espara","7":"product_cat-e","8":"pa_packungsgroesse-30ml","10":"first","11":"instock","12":"shipping-taxable","13":"purchasable","14":"product-type-simple"},"acf":[],"_links":{"self":[{"href":"https:\/\/www.hirtenberg-apotheke.at\/katalog\/wp-json\/wp\/v2\/product\/63432","targetHints":{"allow":["GET"]}}],"collection":[{"href":"https:\/\/www.hirtenberg-apotheke.at\/katalog\/wp-json\/wp\/v2\/product"}],"about":[{"href":"https:\/\/www.hirtenberg-apotheke.at\/katalog\/wp-json\/wp\/v2\/types\/product"}],"wp:featuredmedia":[{"embeddable":true,"href":"https:\/\/www.hirtenberg-apotheke.at\/katalog\/wp-json\/wp\/v2\/media\/63434"}],"wp:attachment":[{"href":"https:\/\/www.hirtenberg-apotheke.at\/katalog\/wp-json\/wp\/v2\/media?parent=63432"}],"wp:term":[{"taxonomy":"product_brand","embeddable":true,"href":"https:\/\/www.hirtenberg-apotheke.at\/katalog\/wp-json\/wp\/v2\/product_brand?post=63432"},{"taxonomy":"product_cat","embeddable":true,"href":"https:\/\/www.hirtenberg-apotheke.at\/katalog\/wp-json\/wp\/v2\/product_cat?post=63432"},{"taxonomy":"product_tag","embeddable":true,"href":"https:\/\/www.hirtenberg-apotheke.at\/katalog\/wp-json\/wp\/v2\/product_tag?post=63432"}],"curies":[{"name":"wp","href":"https:\/\/api.w.org\/{rel}","templated":true}]}}