{"id":63472,"date":"2025-11-26T20:07:55","date_gmt":"2025-11-26T19:07:55","guid":{"rendered":"https:\/\/www.hirtenberg-apotheke.at\/katalog\/produkt\/life-light-kapseln-prostaeffekt-60-stk\/"},"modified":"2025-11-26T20:08:42","modified_gmt":"2025-11-26T19:08:42","slug":"life-light-kapseln-prostaeffekt-60-stk","status":"publish","type":"product","link":"https:\/\/www.hirtenberg-apotheke.at\/katalog\/produkt\/life-light-kapseln-prostaeffekt-60-stk\/","title":{"rendered":"Life Light Kapseln Prostaeffekt 60 Stk."},"content":{"rendered":"<p>Life Light Kapseln Prostaeffekt  wurden f\u00fcr M\u00e4nner in den besten Jahren entwickelt. Die Kapseln tragen zu einer normalen Schilddr\u00fcsenfunktion, einem normalen Immunsystem und der Erhaltung normaler Haut und N\u00e4gel bei. Zudem leisten sie in Form von Selen einen Beitrag zu einer normalen Spermabildung.<\/p>\n","protected":false},"excerpt":{"rendered":"<p>Life Light Kapseln Prostaeffekt wurden f\u00fcr M\u00e4nner in den besten Jahren entwickelt. Die Kapseln tragen zu einer normalen Schilddr\u00fcsenfunktion, einem normalen Immunsystem und der Erhaltung normaler Haut und N\u00e4gel bei. Zudem leisten sie in Form von Selen einen Beitrag zu einer normalen Spermabildung.<\/p>\n","protected":false},"featured_media":63474,"template":"","meta":{"_acf_changed":false},"product_brand":[],"product_cat":[317],"product_tag":[],"class_list":{"0":"post-63472","1":"product","2":"type-product","3":"status-publish","4":"has-post-thumbnail","6":"product_cat-l","7":"pa_packungsgroesse-60-stueck","9":"first","10":"instock","11":"shipping-taxable","12":"purchasable","13":"product-type-simple"},"acf":[],"_links":{"self":[{"href":"https:\/\/www.hirtenberg-apotheke.at\/katalog\/wp-json\/wp\/v2\/product\/63472","targetHints":{"allow":["GET"]}}],"collection":[{"href":"https:\/\/www.hirtenberg-apotheke.at\/katalog\/wp-json\/wp\/v2\/product"}],"about":[{"href":"https:\/\/www.hirtenberg-apotheke.at\/katalog\/wp-json\/wp\/v2\/types\/product"}],"wp:featuredmedia":[{"embeddable":true,"href":"https:\/\/www.hirtenberg-apotheke.at\/katalog\/wp-json\/wp\/v2\/media\/63474"}],"wp:attachment":[{"href":"https:\/\/www.hirtenberg-apotheke.at\/katalog\/wp-json\/wp\/v2\/media?parent=63472"}],"wp:term":[{"taxonomy":"product_brand","embeddable":true,"href":"https:\/\/www.hirtenberg-apotheke.at\/katalog\/wp-json\/wp\/v2\/product_brand?post=63472"},{"taxonomy":"product_cat","embeddable":true,"href":"https:\/\/www.hirtenberg-apotheke.at\/katalog\/wp-json\/wp\/v2\/product_cat?post=63472"},{"taxonomy":"product_tag","embeddable":true,"href":"https:\/\/www.hirtenberg-apotheke.at\/katalog\/wp-json\/wp\/v2\/product_tag?post=63472"}],"curies":[{"name":"wp","href":"https:\/\/api.w.org\/{rel}","templated":true}]}}